{"id":4965,"date":"2025-10-31T11:36:53","date_gmt":"2025-10-31T04:36:53","guid":{"rendered":"https:\/\/viehealthcare.vn\/?page_id=4965"},"modified":"2025-11-03T14:10:49","modified_gmt":"2025-11-03T07:10:49","slug":"ialuxid","status":"publish","type":"page","link":"https:\/\/viehealthcare.vn\/en\/ialuxid\/","title":{"rendered":"IALUXID"},"content":{"rendered":"<div data-elementor-type=\"wp-page\" data-elementor-id=\"4965\" class=\"elementor elementor-4965\" data-elementor-post-type=\"page\">\n\t\t\t\t<div class=\"elementor-element elementor-element-c82e674 e-con-full e-flex e-con e-parent\" data-id=\"c82e674\" data-element_type=\"container\" data-e-type=\"container\">\n\t\t<div class=\"elementor-element elementor-element-f0f3b1f e-con-full e-flex e-con e-child\" data-id=\"f0f3b1f\" data-element_type=\"container\" data-e-type=\"container\">\n\t\t\t\t<div class=\"elementor-element elementor-element-2002af2 elementor--h-position-center elementor--v-position-middle elementor-arrows-position-inside elementor-pagination-position-inside elementor-widget elementor-widget-slides\" data-id=\"2002af2\" data-element_type=\"widget\" data-e-type=\"widget\" data-settings=\"{&quot;navigation&quot;:&quot;both&quot;,&quot;autoplay&quot;:&quot;yes&quot;,&quot;pause_on_hover&quot;:&quot;yes&quot;,&quot;pause_on_interaction&quot;:&quot;yes&quot;,&quot;autoplay_speed&quot;:5000,&quot;infinite&quot;:&quot;yes&quot;,&quot;transition&quot;:&quot;slide&quot;,&quot;transition_speed&quot;:500}\" data-widget_type=\"slides.default\">\n\t\t\t\t<div class=\"elementor-widget-container\">\n\t\t\t\t\t\t\t\t\t<div class=\"elementor-swiper\">\n\t\t\t\t\t<div class=\"elementor-slides-wrapper elementor-main-swiper swiper\" role=\"region\" aria-roledescription=\"carousel\" aria-label=\"\" dir=\"ltr\" data-animation=\"fadeInUp\">\n\t\t\t\t<div class=\"swiper-wrapper elementor-slides\">\n\t\t\t\t\t\t\t\t\t\t<div class=\"elementor-repeater-item-640c38a swiper-slide\" role=\"group\" aria-roledescription=\"slide\"><div class=\"swiper-slide-bg\" role=\"img\"><\/div><div class=\"swiper-slide-inner\" ><div class=\"swiper-slide-contents\"><\/div><\/div><\/div>\t\t\t\t<\/div>\n\t\t\t\t\t\t\t<\/div>\n\t\t\t\t<\/div>\n\t\t\t\t\t\t\t\t<\/div>\n\t\t\t\t<\/div>\n\t\t\t\t<div class=\"elementor-element elementor-element-373014a elementor-widget elementor-widget-spacer\" data-id=\"373014a\" data-element_type=\"widget\" data-e-type=\"widget\" data-widget_type=\"spacer.default\">\n\t\t\t\t<div class=\"elementor-widget-container\">\n\t\t\t\t\t\t\t<div class=\"elementor-spacer\">\n\t\t\t<div class=\"elementor-spacer-inner\"><\/div>\n\t\t<\/div>\n\t\t\t\t\t\t<\/div>\n\t\t\t\t<\/div>\n\t\t\t\t<\/div>\n\t\t\t\t<\/div>\n\t\t<div class=\"elementor-element elementor-element-04fc429 e-con-full e-flex e-con e-parent\" data-id=\"04fc429\" data-element_type=\"container\" data-e-type=\"container\">\n\t\t<div class=\"elementor-element elementor-element-4e91730 e-con-full e-flex e-con e-child\" data-id=\"4e91730\" data-element_type=\"container\" data-e-type=\"container\">\n\t\t\t\t<div class=\"elementor-element elementor-element-776b0f4 elementor-invisible elementor-widget elementor-widget-image\" data-id=\"776b0f4\" data-element_type=\"widget\" data-e-type=\"widget\" data-settings=\"{&quot;_animation&quot;:&quot;fadeInDown&quot;}\" data-widget_type=\"image.default\">\n\t\t\t\t<div class=\"elementor-widget-container\">\n\t\t\t\t\t\t\t\t\t\t\t\t\t\t\t<img fetchpriority=\"high\" decoding=\"async\" width=\"782\" height=\"234\" src=\"https:\/\/viehealthcare.vn\/wp-content\/uploads\/2025\/10\/Logo-IALUXID-nen-trong-suot--e1761701625975.png\" class=\"attachment-large size-large wp-image-4967\" alt=\"\" srcset=\"https:\/\/viehealthcare.vn\/wp-content\/uploads\/2025\/10\/Logo-IALUXID-nen-trong-suot--e1761701625975.png 782w, https:\/\/viehealthcare.vn\/wp-content\/uploads\/2025\/10\/Logo-IALUXID-nen-trong-suot--e1761701625975-300x90.png 300w, https:\/\/viehealthcare.vn\/wp-content\/uploads\/2025\/10\/Logo-IALUXID-nen-trong-suot--e1761701625975-768x230.png 768w, https:\/\/viehealthcare.vn\/wp-content\/uploads\/2025\/10\/Logo-IALUXID-nen-trong-suot--e1761701625975-18x5.png 18w, https:\/\/viehealthcare.vn\/wp-content\/uploads\/2025\/10\/Logo-IALUXID-nen-trong-suot--e1761701625975-600x180.png 600w\" sizes=\"(max-width: 782px) 100vw, 782px\" \/>\t\t\t\t\t\t\t\t\t\t\t\t\t\t\t<\/div>\n\t\t\t\t<\/div>\n\t\t\t\t<\/div>\n\t\t<div class=\"elementor-element elementor-element-10e5eab e-con-full e-flex e-con e-child\" data-id=\"10e5eab\" data-element_type=\"container\" data-e-type=\"container\" data-settings=\"{&quot;background_background&quot;:&quot;gradient&quot;}\">\n\t\t\t\t<div class=\"elementor-element elementor-element-3dae45c elementor-widget elementor-widget-text-editor\" data-id=\"3dae45c\" data-element_type=\"widget\" data-e-type=\"widget\" data-widget_type=\"text-editor.default\">\n\t\t\t\t<div class=\"elementor-widget-container\">\n\t\t\t\t\t\t\t\t\t<p>IALUXID l\u00e0 m\u1ed9t gi\u1ea3i ph\u00e1p ch\u0103m s\u00f3c to\u00e0n di\u1ec7n h\u00e0ng ng\u00e0y d\u00e0nh cho da d\u1ea7u v\u00e0 da d\u1ec5 b\u1ecb m\u1ee5n, l\u00e0m s\u1ea1ch v\u00e0 b\u1ea3o v\u1ec7 s\u1ee9c kho\u1ebb l\u00e0n da. B\u1ed9 2 s\u1ea3n ph\u1ea9m c\u1ee7a IALUXID c\u00f3 t\u00e1c d\u1ee5ng hi\u1ec7p \u0111\u1ed3ng \u0111\u1ec3 gi\u1ea3m m\u1ee5n, m\u1ee5n \u0111\u1ea7u \u0111en v\u00e0 c\u1ea3i thi\u1ec7n l\u00e0n da, gi\u00fap da s\u1ea1ch, \u0111\u1ec1u m\u00e0u v\u00e0 m\u1ecbn m\u00e0ng h\u01a1n.\u00a0<\/p>\t\t\t\t\t\t\t\t<\/div>\n\t\t\t\t<\/div>\n\t\t\t\t<\/div>\n\t\t\t\t<\/div>\n\t\t<div class=\"elementor-element elementor-element-5c05c71 e-flex e-con-boxed e-con e-parent\" data-id=\"5c05c71\" data-element_type=\"container\" data-e-type=\"container\">\n\t\t\t\t\t<div class=\"e-con-inner\">\n\t\t\t\t<div class=\"elementor-element elementor-element-96da20e elementor-widget elementor-widget-spacer\" data-id=\"96da20e\" data-element_type=\"widget\" data-e-type=\"widget\" data-widget_type=\"spacer.default\">\n\t\t\t\t<div class=\"elementor-widget-container\">\n\t\t\t\t\t\t\t<div class=\"elementor-spacer\">\n\t\t\t<div class=\"elementor-spacer-inner\"><\/div>\n\t\t<\/div>\n\t\t\t\t\t\t<\/div>\n\t\t\t\t<\/div>\n\t\t\t\t\t<\/div>\n\t\t\t\t<\/div>\n\t\t<div class=\"elementor-element elementor-element-c1d3378 e-con-full e-flex e-con e-parent\" data-id=\"c1d3378\" data-element_type=\"container\" data-e-type=\"container\">\n\t\t\t\t<div class=\"elementor-element elementor-element-ec2958a elementor-widget__width-inherit elementor--h-position-center elementor--v-position-middle elementor-arrows-position-inside elementor-pagination-position-inside elementor-widget elementor-widget-slides\" data-id=\"ec2958a\" data-element_type=\"widget\" data-e-type=\"widget\" data-settings=\"{&quot;navigation&quot;:&quot;both&quot;,&quot;autoplay&quot;:&quot;yes&quot;,&quot;pause_on_hover&quot;:&quot;yes&quot;,&quot;pause_on_interaction&quot;:&quot;yes&quot;,&quot;autoplay_speed&quot;:5000,&quot;infinite&quot;:&quot;yes&quot;,&quot;transition&quot;:&quot;slide&quot;,&quot;transition_speed&quot;:500}\" data-widget_type=\"slides.default\">\n\t\t\t\t<div class=\"elementor-widget-container\">\n\t\t\t\t\t\t\t\t\t<div class=\"elementor-swiper\">\n\t\t\t\t\t<div class=\"elementor-slides-wrapper elementor-main-swiper swiper\" role=\"region\" aria-roledescription=\"carousel\" aria-label=\"\" dir=\"ltr\" data-animation=\"fadeInUp\">\n\t\t\t\t<div class=\"swiper-wrapper elementor-slides\">\n\t\t\t\t\t\t\t\t\t\t<div class=\"elementor-repeater-item-8a92d34 swiper-slide\" role=\"group\" aria-roledescription=\"slide\"><div class=\"swiper-slide-bg\" role=\"img\"><\/div><div class=\"swiper-slide-inner\" ><div class=\"swiper-slide-contents\"><\/div><\/div><\/div>\t\t\t\t<\/div>\n\t\t\t\t\t\t\t<\/div>\n\t\t\t\t<\/div>\n\t\t\t\t\t\t\t\t<\/div>\n\t\t\t\t<\/div>\n\t\t\t\t<\/div>\n\t\t<div class=\"elementor-element elementor-element-379b37f e-flex e-con-boxed e-con e-parent\" data-id=\"379b37f\" data-element_type=\"container\" data-e-type=\"container\">\n\t\t\t\t\t<div class=\"e-con-inner\">\n\t\t\t\t<div class=\"elementor-element elementor-element-61ee966 elementor-widget elementor-widget-spacer\" data-id=\"61ee966\" data-element_type=\"widget\" data-e-type=\"widget\" data-widget_type=\"spacer.default\">\n\t\t\t\t<div class=\"elementor-widget-container\">\n\t\t\t\t\t\t\t<div class=\"elementor-spacer\">\n\t\t\t<div class=\"elementor-spacer-inner\"><\/div>\n\t\t<\/div>\n\t\t\t\t\t\t<\/div>\n\t\t\t\t<\/div>\n\t\t\t\t\t<\/div>\n\t\t\t\t<\/div>\n\t\t<div class=\"elementor-element elementor-element-3dec9cb e-con-full e-flex e-con e-parent\" data-id=\"3dec9cb\" data-element_type=\"container\" data-e-type=\"container\">\n\t\t\t\t<div class=\"elementor-element elementor-element-d21a03a elementor-widget__width-inherit elementor-invisible elementor-widget elementor-widget-image\" data-id=\"d21a03a\" data-element_type=\"widget\" data-e-type=\"widget\" data-settings=\"{&quot;motion_fx_motion_fx_mouse&quot;:&quot;yes&quot;,&quot;_animation&quot;:&quot;fadeIn&quot;}\" data-widget_type=\"image.default\">\n\t\t\t\t<div class=\"elementor-widget-container\">\n\t\t\t\t\t\t\t\t\t\t\t\t\t\t\t<img decoding=\"async\" width=\"1024\" height=\"379\" src=\"https:\/\/viehealthcare.vn\/wp-content\/uploads\/2025\/11\/Banner-website-Anh-bia-Facebook-4-1-1024x379.png\" class=\"attachment-large size-large wp-image-5282\" alt=\"\" srcset=\"https:\/\/viehealthcare.vn\/wp-content\/uploads\/2025\/11\/Banner-website-Anh-bia-Facebook-4-1-1024x379.png 1024w, https:\/\/viehealthcare.vn\/wp-content\/uploads\/2025\/11\/Banner-website-Anh-bia-Facebook-4-1-300x111.png 300w, https:\/\/viehealthcare.vn\/wp-content\/uploads\/2025\/11\/Banner-website-Anh-bia-Facebook-4-1-768x284.png 768w, https:\/\/viehealthcare.vn\/wp-content\/uploads\/2025\/11\/Banner-website-Anh-bia-Facebook-4-1-1536x569.png 1536w, https:\/\/viehealthcare.vn\/wp-content\/uploads\/2025\/11\/Banner-website-Anh-bia-Facebook-4-1-2048x758.png 2048w, https:\/\/viehealthcare.vn\/wp-content\/uploads\/2025\/11\/Banner-website-Anh-bia-Facebook-4-1-18x7.png 18w, https:\/\/viehealthcare.vn\/wp-content\/uploads\/2025\/11\/Banner-website-Anh-bia-Facebook-4-1-600x222.png 600w\" sizes=\"(max-width: 1024px) 100vw, 1024px\" \/>\t\t\t\t\t\t\t\t\t\t\t\t\t\t\t<\/div>\n\t\t\t\t<\/div>\n\t\t\t\t<\/div>\n\t\t<div class=\"elementor-element elementor-element-5e4b8a6 e-flex e-con-boxed e-con e-parent\" data-id=\"5e4b8a6\" data-element_type=\"container\" data-e-type=\"container\">\n\t\t\t\t\t<div class=\"e-con-inner\">\n\t\t\t\t<div class=\"elementor-element elementor-element-0b9bd02 elementor-widget elementor-widget-spacer\" data-id=\"0b9bd02\" data-element_type=\"widget\" data-e-type=\"widget\" data-widget_type=\"spacer.default\">\n\t\t\t\t<div class=\"elementor-widget-container\">\n\t\t\t\t\t\t\t<div class=\"elementor-spacer\">\n\t\t\t<div class=\"elementor-spacer-inner\"><\/div>\n\t\t<\/div>\n\t\t\t\t\t\t<\/div>\n\t\t\t\t<\/div>\n\t\t\t\t\t<\/div>\n\t\t\t\t<\/div>\n\t\t<div class=\"elementor-element elementor-element-b43a922 e-grid e-con-full e-con e-parent\" data-id=\"b43a922\" data-element_type=\"container\" data-e-type=\"container\">\n\t\t\t\t<div class=\"elementor-element elementor-element-84a52c6 elementor-widget__width-initial elementor-cta--skin-classic elementor-animated-content elementor-invisible elementor-widget elementor-widget-call-to-action\" data-id=\"84a52c6\" data-element_type=\"widget\" data-e-type=\"widget\" data-settings=\"{&quot;_animation&quot;:&quot;fadeInUp&quot;}\" data-widget_type=\"call-to-action.default\">\n\t\t\t\t<div class=\"elementor-widget-container\">\n\t\t\t\t\t\t\t<div class=\"elementor-cta\">\n\t\t\t\t\t<div class=\"elementor-cta__bg-wrapper\">\n\t\t\t\t<div class=\"elementor-cta__bg elementor-bg\" style=\"background-image: url(https:\/\/viehealthcare.vn\/wp-content\/uploads\/2025\/10\/He-sinh-thai-cham-soc-mui-toan-dien-chuan-chau-Au-7-e1761884897876.png);\" role=\"img\" aria-label=\"He\u0323\u0302 sinh tha\u0301i cha\u0306m so\u0301c mu\u0303i toa\u0300n die\u0323\u0302n chua\u0302\u0309n cha\u0302u A\u0302u (7)\"><\/div>\n\t\t\t\t<div class=\"elementor-cta__bg-overlay\"><\/div>\n\t\t\t<\/div>\n\t\t\t\t\t\t\t<div class=\"elementor-cta__content\">\n\t\t\t\t\n\t\t\t\t\t\t\t\t\t<span class=\"elementor-cta__title elementor-cta__content-item elementor-content-item\">\n\t\t\t\t\t\tCombo 2 b\u01b0\u1edbc \t\t\t\t\t<\/span>\n\t\t\t\t\n\t\t\t\t\n\t\t\t\t\t\t\t<\/div>\n\t\t\t\t\t\t<\/div>\n\t\t\t\t\t\t<\/div>\n\t\t\t\t<\/div>\n\t\t\t\t<div class=\"elementor-element elementor-element-05b5b8b elementor-widget__width-initial elementor-cta--skin-classic elementor-animated-content elementor-invisible elementor-widget elementor-widget-call-to-action\" data-id=\"05b5b8b\" data-element_type=\"widget\" data-e-type=\"widget\" data-settings=\"{&quot;_animation&quot;:&quot;fadeInUp&quot;}\" data-widget_type=\"call-to-action.default\">\n\t\t\t\t<div class=\"elementor-widget-container\">\n\t\t\t\t\t\t\t<div class=\"elementor-cta\">\n\t\t\t\t\t<div class=\"elementor-cta__bg-wrapper\">\n\t\t\t\t<div class=\"elementor-cta__bg elementor-bg\" style=\"background-image: url(https:\/\/viehealthcare.vn\/wp-content\/uploads\/2025\/10\/Gel-tri-mun-website-nen-trong-suot-1-1.png);\" role=\"img\" aria-label=\"Gel tri\u0323 mu\u0323n website ne\u0302\u0300n trong suo\u0302\u0301t\"><\/div>\n\t\t\t\t<div class=\"elementor-cta__bg-overlay\"><\/div>\n\t\t\t<\/div>\n\t\t\t\t\t\t\t<div class=\"elementor-cta__content\">\n\t\t\t\t\n\t\t\t\t\t\t\t\t\t<span class=\"elementor-cta__title elementor-cta__content-item elementor-content-item\">\n\t\t\t\t\t\tGel Tr\u1ecb M\u1ee5n \t\t\t\t\t<\/span>\n\t\t\t\t\n\t\t\t\t\n\t\t\t\t\t\t\t<\/div>\n\t\t\t\t\t\t<\/div>\n\t\t\t\t\t\t<\/div>\n\t\t\t\t<\/div>\n\t\t\t\t<div class=\"elementor-element elementor-element-74742df elementor-widget__width-initial elementor-cta--skin-classic elementor-animated-content elementor-invisible elementor-widget elementor-widget-call-to-action\" data-id=\"74742df\" data-element_type=\"widget\" data-e-type=\"widget\" data-settings=\"{&quot;_animation&quot;:&quot;fadeInUp&quot;}\" data-widget_type=\"call-to-action.default\">\n\t\t\t\t<div class=\"elementor-widget-container\">\n\t\t\t\t\t\t\t<div class=\"elementor-cta\">\n\t\t\t\t\t<div class=\"elementor-cta__bg-wrapper\">\n\t\t\t\t<div class=\"elementor-cta__bg elementor-bg\" style=\"background-image: url(https:\/\/viehealthcare.vn\/wp-content\/uploads\/2025\/10\/Gel-rua-mat-nen-trong-suot-1-3-e1761899477242.png);\" role=\"img\" aria-label=\"Gel ru\u031b\u0309a ma\u0323\u0306t ne\u0302\u0300n trong suo\u0302\u0301t\"><\/div>\n\t\t\t\t<div class=\"elementor-cta__bg-overlay\"><\/div>\n\t\t\t<\/div>\n\t\t\t\t\t\t\t<div class=\"elementor-cta__content\">\n\t\t\t\t\n\t\t\t\t\t\t\t\t\t<span class=\"elementor-cta__title elementor-cta__content-item elementor-content-item\">\n\t\t\t\t\t\tGel r\u1eeda M\u1eb7t \t\t\t\t\t<\/span>\n\t\t\t\t\n\t\t\t\t\n\t\t\t\t\t\t\t<\/div>\n\t\t\t\t\t\t<\/div>\n\t\t\t\t\t\t<\/div>\n\t\t\t\t<\/div>\n\t\t\t\t<\/div>\n\t\t\t\t<\/div>","protected":false},"excerpt":{"rendered":"<p>IALUXID l\u00e0 m\u1ed9t gi\u1ea3i ph\u00e1p ch\u0103m s\u00f3c to\u00e0n di\u1ec7n h\u00e0ng ng\u00e0y d\u00e0nh cho da d\u1ea7u v\u00e0 da d\u1ec5 b\u1ecb m\u1ee5n, l\u00e0m s\u1ea1ch v\u00e0 b\u1ea3o v\u1ec7 s\u1ee9c kho\u1ebb l\u00e0n da. B\u1ed9 2 s\u1ea3n ph\u1ea9m c\u1ee7a IALUXID c\u00f3 t\u00e1c d\u1ee5ng hi\u1ec7p \u0111\u1ed3ng \u0111\u1ec3 gi\u1ea3m m\u1ee5n, m\u1ee5n \u0111\u1ea7u \u0111en v\u00e0 c\u1ea3i thi\u1ec7n l\u00e0n da, gi\u00fap da s\u1ea1ch, \u0111\u1ec1u [&hellip;]<\/p>","protected":false},"author":10,"featured_media":0,"parent":0,"menu_order":0,"comment_status":"closed","ping_status":"closed","template":"","meta":{"_acf_changed":false,"footnotes":""},"class_list":["post-4965","page","type-page","status-publish","hentry"],"acf":[],"yoast_head":"<!-- This site is optimized with the Yoast SEO plugin v26.4 - https:\/\/yoast.com\/wordpress\/plugins\/seo\/ -->\n<title>IALUXID - Vie Healthcare<\/title>\n<meta name=\"robots\" content=\"index, follow, max-snippet:-1, max-image-preview:large, max-video-preview:-1\" \/>\n<link rel=\"canonical\" href=\"https:\/\/viehealthcare.vn\/en\/ialuxid\/\" \/>\n<meta property=\"og:locale\" content=\"en_US\" \/>\n<meta property=\"og:type\" content=\"article\" \/>\n<meta property=\"og:title\" content=\"IALUXID - Vie Healthcare\" \/>\n<meta property=\"og:description\" content=\"IALUXID l\u00e0 m\u1ed9t gi\u1ea3i ph\u00e1p ch\u0103m s\u00f3c to\u00e0n di\u1ec7n h\u00e0ng ng\u00e0y d\u00e0nh cho da d\u1ea7u v\u00e0 da d\u1ec5 b\u1ecb m\u1ee5n, l\u00e0m s\u1ea1ch v\u00e0 b\u1ea3o v\u1ec7 s\u1ee9c kho\u1ebb l\u00e0n da. B\u1ed9 2 s\u1ea3n ph\u1ea9m c\u1ee7a IALUXID c\u00f3 t\u00e1c d\u1ee5ng hi\u1ec7p \u0111\u1ed3ng \u0111\u1ec3 gi\u1ea3m m\u1ee5n, m\u1ee5n \u0111\u1ea7u \u0111en v\u00e0 c\u1ea3i thi\u1ec7n l\u00e0n da, gi\u00fap da s\u1ea1ch, \u0111\u1ec1u [&hellip;]\" \/>\n<meta property=\"og:url\" content=\"https:\/\/viehealthcare.vn\/en\/ialuxid\/\" \/>\n<meta property=\"og:site_name\" content=\"Vie Healthcare\" \/>\n<meta property=\"article:publisher\" content=\"https:\/\/www.facebook.com\/viehealthcarevn\" \/>\n<meta property=\"article:modified_time\" content=\"2025-11-03T07:10:49+00:00\" \/>\n<meta property=\"og:image\" content=\"https:\/\/viehealthcare.vn\/wp-content\/uploads\/2025\/10\/Logo-IALUXID-nen-trong-suot--e1761701625975.png\" \/>\n<meta name=\"twitter:card\" content=\"summary_large_image\" \/>\n<meta name=\"twitter:label1\" content=\"Est. reading time\" \/>\n\t<meta name=\"twitter:data1\" content=\"1 minute\" \/>\n<script type=\"application\/ld+json\" class=\"yoast-schema-graph\">{\"@context\":\"https:\/\/schema.org\",\"@graph\":[{\"@type\":\"WebPage\",\"@id\":\"https:\/\/viehealthcare.vn\/en\/ialuxid\/\",\"url\":\"https:\/\/viehealthcare.vn\/en\/ialuxid\/\",\"name\":\"IALUXID - Vie Healthcare\",\"isPartOf\":{\"@id\":\"https:\/\/viehealthcare.vn\/#website\"},\"primaryImageOfPage\":{\"@id\":\"https:\/\/viehealthcare.vn\/en\/ialuxid\/#primaryimage\"},\"image\":{\"@id\":\"https:\/\/viehealthcare.vn\/en\/ialuxid\/#primaryimage\"},\"thumbnailUrl\":\"https:\/\/viehealthcare.vn\/wp-content\/uploads\/2025\/10\/Logo-IALUXID-nen-trong-suot--e1761701625975.png\",\"datePublished\":\"2025-10-31T04:36:53+00:00\",\"dateModified\":\"2025-11-03T07:10:49+00:00\",\"breadcrumb\":{\"@id\":\"https:\/\/viehealthcare.vn\/en\/ialuxid\/#breadcrumb\"},\"inLanguage\":\"en-US\",\"potentialAction\":[{\"@type\":\"ReadAction\",\"target\":[\"https:\/\/viehealthcare.vn\/en\/ialuxid\/\"]}]},{\"@type\":\"ImageObject\",\"inLanguage\":\"en-US\",\"@id\":\"https:\/\/viehealthcare.vn\/en\/ialuxid\/#primaryimage\",\"url\":\"https:\/\/viehealthcare.vn\/wp-content\/uploads\/2025\/10\/Logo-IALUXID-nen-trong-suot--e1761701625975.png\",\"contentUrl\":\"https:\/\/viehealthcare.vn\/wp-content\/uploads\/2025\/10\/Logo-IALUXID-nen-trong-suot--e1761701625975.png\"},{\"@type\":\"BreadcrumbList\",\"@id\":\"https:\/\/viehealthcare.vn\/en\/ialuxid\/#breadcrumb\",\"itemListElement\":[{\"@type\":\"ListItem\",\"position\":1,\"name\":\"Trang ch\u1ee7\",\"item\":\"https:\/\/viehealthcare.vn\/\"},{\"@type\":\"ListItem\",\"position\":2,\"name\":\"IALUXID\"}]},{\"@type\":\"WebSite\",\"@id\":\"https:\/\/viehealthcare.vn\/#website\",\"url\":\"https:\/\/viehealthcare.vn\/\",\"name\":\"Vie Healthcare\",\"description\":\"\",\"publisher\":{\"@id\":\"https:\/\/viehealthcare.vn\/#organization\"},\"potentialAction\":[{\"@type\":\"SearchAction\",\"target\":{\"@type\":\"EntryPoint\",\"urlTemplate\":\"https:\/\/viehealthcare.vn\/?s={search_term_string}\"},\"query-input\":{\"@type\":\"PropertyValueSpecification\",\"valueRequired\":true,\"valueName\":\"search_term_string\"}}],\"inLanguage\":\"en-US\"},{\"@type\":\"Organization\",\"@id\":\"https:\/\/viehealthcare.vn\/#organization\",\"name\":\"Vie Healthcare\",\"url\":\"https:\/\/viehealthcare.vn\/\",\"logo\":{\"@type\":\"ImageObject\",\"inLanguage\":\"en-US\",\"@id\":\"https:\/\/viehealthcare.vn\/#\/schema\/logo\/image\/\",\"url\":\"https:\/\/www.viehealthcare.com.vn\/wp-content\/uploads\/2025\/11\/logo-viehealth.webp\",\"contentUrl\":\"https:\/\/www.viehealthcare.com.vn\/wp-content\/uploads\/2025\/11\/logo-viehealth.webp\",\"width\":500,\"height\":204,\"caption\":\"Vie Healthcare\"},\"image\":{\"@id\":\"https:\/\/viehealthcare.vn\/#\/schema\/logo\/image\/\"},\"sameAs\":[\"https:\/\/www.facebook.com\/viehealthcarevn\"]}]}<\/script>\n<!-- \/ Yoast SEO plugin. -->","yoast_head_json":{"title":"IALUXID - Vie Healthcare","robots":{"index":"index","follow":"follow","max-snippet":"max-snippet:-1","max-image-preview":"max-image-preview:large","max-video-preview":"max-video-preview:-1"},"canonical":"https:\/\/viehealthcare.vn\/en\/ialuxid\/","og_locale":"en_US","og_type":"article","og_title":"IALUXID - Vie Healthcare","og_description":"IALUXID l\u00e0 m\u1ed9t gi\u1ea3i ph\u00e1p ch\u0103m s\u00f3c to\u00e0n di\u1ec7n h\u00e0ng ng\u00e0y d\u00e0nh cho da d\u1ea7u v\u00e0 da d\u1ec5 b\u1ecb m\u1ee5n, l\u00e0m s\u1ea1ch v\u00e0 b\u1ea3o v\u1ec7 s\u1ee9c kho\u1ebb l\u00e0n da. B\u1ed9 2 s\u1ea3n ph\u1ea9m c\u1ee7a IALUXID c\u00f3 t\u00e1c d\u1ee5ng hi\u1ec7p \u0111\u1ed3ng \u0111\u1ec3 gi\u1ea3m m\u1ee5n, m\u1ee5n \u0111\u1ea7u \u0111en v\u00e0 c\u1ea3i thi\u1ec7n l\u00e0n da, gi\u00fap da s\u1ea1ch, \u0111\u1ec1u [&hellip;]","og_url":"https:\/\/viehealthcare.vn\/en\/ialuxid\/","og_site_name":"Vie Healthcare","article_publisher":"https:\/\/www.facebook.com\/viehealthcarevn","article_modified_time":"2025-11-03T07:10:49+00:00","og_image":[{"url":"https:\/\/viehealthcare.vn\/wp-content\/uploads\/2025\/10\/Logo-IALUXID-nen-trong-suot--e1761701625975.png","type":"","width":"","height":""}],"twitter_card":"summary_large_image","twitter_misc":{"Est. reading time":"1 minute"},"schema":{"@context":"https:\/\/schema.org","@graph":[{"@type":"WebPage","@id":"https:\/\/viehealthcare.vn\/en\/ialuxid\/","url":"https:\/\/viehealthcare.vn\/en\/ialuxid\/","name":"IALUXID - Vie Healthcare","isPartOf":{"@id":"https:\/\/viehealthcare.vn\/#website"},"primaryImageOfPage":{"@id":"https:\/\/viehealthcare.vn\/en\/ialuxid\/#primaryimage"},"image":{"@id":"https:\/\/viehealthcare.vn\/en\/ialuxid\/#primaryimage"},"thumbnailUrl":"https:\/\/viehealthcare.vn\/wp-content\/uploads\/2025\/10\/Logo-IALUXID-nen-trong-suot--e1761701625975.png","datePublished":"2025-10-31T04:36:53+00:00","dateModified":"2025-11-03T07:10:49+00:00","breadcrumb":{"@id":"https:\/\/viehealthcare.vn\/en\/ialuxid\/#breadcrumb"},"inLanguage":"en-US","potentialAction":[{"@type":"ReadAction","target":["https:\/\/viehealthcare.vn\/en\/ialuxid\/"]}]},{"@type":"ImageObject","inLanguage":"en-US","@id":"https:\/\/viehealthcare.vn\/en\/ialuxid\/#primaryimage","url":"https:\/\/viehealthcare.vn\/wp-content\/uploads\/2025\/10\/Logo-IALUXID-nen-trong-suot--e1761701625975.png","contentUrl":"https:\/\/viehealthcare.vn\/wp-content\/uploads\/2025\/10\/Logo-IALUXID-nen-trong-suot--e1761701625975.png"},{"@type":"BreadcrumbList","@id":"https:\/\/viehealthcare.vn\/en\/ialuxid\/#breadcrumb","itemListElement":[{"@type":"ListItem","position":1,"name":"Trang ch\u1ee7","item":"https:\/\/viehealthcare.vn\/"},{"@type":"ListItem","position":2,"name":"IALUXID"}]},{"@type":"WebSite","@id":"https:\/\/viehealthcare.vn\/#website","url":"https:\/\/viehealthcare.vn\/","name":"Vie Healthcare","description":"","publisher":{"@id":"https:\/\/viehealthcare.vn\/#organization"},"potentialAction":[{"@type":"SearchAction","target":{"@type":"EntryPoint","urlTemplate":"https:\/\/viehealthcare.vn\/?s={search_term_string}"},"query-input":{"@type":"PropertyValueSpecification","valueRequired":true,"valueName":"search_term_string"}}],"inLanguage":"en-US"},{"@type":"Organization","@id":"https:\/\/viehealthcare.vn\/#organization","name":"Vie Healthcare","url":"https:\/\/viehealthcare.vn\/","logo":{"@type":"ImageObject","inLanguage":"en-US","@id":"https:\/\/viehealthcare.vn\/#\/schema\/logo\/image\/","url":"https:\/\/www.viehealthcare.com.vn\/wp-content\/uploads\/2025\/11\/logo-viehealth.webp","contentUrl":"https:\/\/www.viehealthcare.com.vn\/wp-content\/uploads\/2025\/11\/logo-viehealth.webp","width":500,"height":204,"caption":"Vie Healthcare"},"image":{"@id":"https:\/\/viehealthcare.vn\/#\/schema\/logo\/image\/"},"sameAs":["https:\/\/www.facebook.com\/viehealthcarevn"]}]}},"_links":{"self":[{"href":"https:\/\/viehealthcare.vn\/en\/wp-json\/wp\/v2\/pages\/4965","targetHints":{"allow":["GET"]}}],"collection":[{"href":"https:\/\/viehealthcare.vn\/en\/wp-json\/wp\/v2\/pages"}],"about":[{"href":"https:\/\/viehealthcare.vn\/en\/wp-json\/wp\/v2\/types\/page"}],"author":[{"embeddable":true,"href":"https:\/\/viehealthcare.vn\/en\/wp-json\/wp\/v2\/users\/10"}],"replies":[{"embeddable":true,"href":"https:\/\/viehealthcare.vn\/en\/wp-json\/wp\/v2\/comments?post=4965"}],"version-history":[{"count":28,"href":"https:\/\/viehealthcare.vn\/en\/wp-json\/wp\/v2\/pages\/4965\/revisions"}],"predecessor-version":[{"id":5289,"href":"https:\/\/viehealthcare.vn\/en\/wp-json\/wp\/v2\/pages\/4965\/revisions\/5289"}],"wp:attachment":[{"href":"https:\/\/viehealthcare.vn\/en\/wp-json\/wp\/v2\/media?parent=4965"}],"curies":[{"name":"wp","href":"https:\/\/api.w.org\/{rel}","templated":true}]}}