{"id":49,"date":"2024-07-13T15:21:18","date_gmt":"2024-07-13T15:21:18","guid":{"rendered":"https:\/\/viehealthcare.vn\/my-account\/"},"modified":"2024-07-30T14:11:12","modified_gmt":"2024-07-30T07:11:12","slug":"my-account","status":"publish","type":"page","link":"https:\/\/viehealthcare.vn\/en\/my-account\/","title":{"rendered":"My account"},"content":{"rendered":"<div data-elementor-type=\"wp-page\" data-elementor-id=\"49\" class=\"elementor elementor-49\" data-elementor-post-type=\"page\">\n\t\t\t\t<div class=\"elementor-element elementor-element-555959b e-flex e-con-boxed e-con e-parent\" data-id=\"555959b\" data-element_type=\"container\" data-e-type=\"container\">\n\t\t\t\t\t<div class=\"e-con-inner\">\n\t\t\t\t<div class=\"elementor-element elementor-element-356b2ff e-my-account-tabs-vertical elementor-widget elementor-widget-woocommerce-my-account\" data-id=\"356b2ff\" data-element_type=\"widget\" data-e-type=\"widget\" data-widget_type=\"woocommerce-my-account.default\">\n\t\t\t\t<div class=\"elementor-widget-container\">\n\t\t\t\t\t<div class=\"e-my-account-tab e-my-account-tab__\">\t\t\t<div class=\"woocommerce\"><\/div>\t\t<\/div>\n\t\t\t\t\t\t<\/div>\n\t\t\t\t<\/div>\n\t\t\t\t\t<\/div>\n\t\t\t\t<\/div>\n\t\t\t\t<\/div>","protected":false},"excerpt":{"rendered":"<p>Dashboard Orders Downloads Addresses Account Details Logout Xin ch\u00e0o theweb.vn (kh\u00f4ng ph\u1ea3i t\u00e0i kho\u1ea3n theweb.vn? H\u00e3y tho\u00e1t ra v\u00e0 \u0111\u0103ng nh\u1eadp v\u00e0o t\u00e0i kho\u1ea3n c\u1ee7a b\u1ea1n) T\u1eeb trang qu\u1ea3n l\u00fd t\u00e0i kho\u1ea3n b\u1ea1n c\u00f3 th\u1ec3 xem \u0111\u01a1n h\u00e0ng m\u1edbi, qu\u1ea3n l\u00fd \u0111\u1ecba ch\u1ec9 giao h\u00e0ng v\u00e0 thanh to\u00e1n, and s\u1eeda m\u1eadt kh\u1ea9u v\u00e0 th\u00f4ng tin [&hellip;]<\/p>","protected":false},"author":1,"featured_media":0,"parent":0,"menu_order":0,"comment_status":"closed","ping_status":"closed","template":"","meta":{"_acf_changed":false,"footnotes":""},"class_list":["post-49","page","type-page","status-publish","hentry"],"acf":[],"yoast_head":"<!-- This site is optimized with the Yoast SEO plugin v26.4 - https:\/\/yoast.com\/wordpress\/plugins\/seo\/ -->\n<title>T\u00e0i kho\u1ea3n c\u1ee7a t\u00f4i - Vie Healthcare<\/title>\n<meta name=\"robots\" content=\"index, follow, max-snippet:-1, max-image-preview:large, max-video-preview:-1\" \/>\n<link rel=\"canonical\" href=\"https:\/\/www.viehealthcare.vn\/my-account\/\" \/>\n<meta property=\"og:locale\" content=\"en_US\" \/>\n<meta property=\"og:type\" content=\"article\" \/>\n<meta property=\"og:title\" content=\"T\u00e0i kho\u1ea3n c\u1ee7a t\u00f4i - Vie Healthcare\" \/>\n<meta property=\"og:description\" content=\"Dashboard Orders Downloads Addresses Account Details Logout Xin ch\u00e0o theweb.vn (kh\u00f4ng ph\u1ea3i t\u00e0i kho\u1ea3n theweb.vn? H\u00e3y tho\u00e1t ra v\u00e0 \u0111\u0103ng nh\u1eadp v\u00e0o t\u00e0i kho\u1ea3n c\u1ee7a b\u1ea1n) T\u1eeb trang qu\u1ea3n l\u00fd t\u00e0i kho\u1ea3n b\u1ea1n c\u00f3 th\u1ec3 xem \u0111\u01a1n h\u00e0ng m\u1edbi, qu\u1ea3n l\u00fd \u0111\u1ecba ch\u1ec9 giao h\u00e0ng v\u00e0 thanh to\u00e1n, and s\u1eeda m\u1eadt kh\u1ea9u v\u00e0 th\u00f4ng tin [&hellip;]\" \/>\n<meta property=\"og:url\" content=\"https:\/\/www.viehealthcare.vn\/my-account\/\" \/>\n<meta property=\"og:site_name\" content=\"Vie Healthcare\" \/>\n<meta property=\"article:publisher\" content=\"https:\/\/www.facebook.com\/viehealthcarevn\" \/>\n<meta property=\"article:modified_time\" content=\"2024-07-30T07:11:12+00:00\" \/>\n<meta name=\"twitter:card\" content=\"summary_large_image\" \/>\n<script type=\"application\/ld+json\" class=\"yoast-schema-graph\">{\"@context\":\"https:\/\/schema.org\",\"@graph\":[{\"@type\":\"WebPage\",\"@id\":\"https:\/\/www.viehealthcare.vn\/my-account\/\",\"url\":\"https:\/\/www.viehealthcare.vn\/my-account\/\",\"name\":\"T\u00e0i kho\u1ea3n c\u1ee7a t\u00f4i - Vie Healthcare\",\"isPartOf\":{\"@id\":\"https:\/\/viehealthcare.com.vn\/#website\"},\"datePublished\":\"2024-07-13T15:21:18+00:00\",\"dateModified\":\"2024-07-30T07:11:12+00:00\",\"breadcrumb\":{\"@id\":\"https:\/\/www.viehealthcare.vn\/my-account\/#breadcrumb\"},\"inLanguage\":\"en-US\",\"potentialAction\":[{\"@type\":\"ReadAction\",\"target\":[\"https:\/\/www.viehealthcare.vn\/my-account\/\"]}]},{\"@type\":\"BreadcrumbList\",\"@id\":\"https:\/\/www.viehealthcare.vn\/my-account\/#breadcrumb\",\"itemListElement\":[{\"@type\":\"ListItem\",\"position\":1,\"name\":\"Trang ch\u1ee7\",\"item\":\"https:\/\/viehealthcare.com.vn\/\"},{\"@type\":\"ListItem\",\"position\":2,\"name\":\"T\u00e0i kho\u1ea3n c\u1ee7a t\u00f4i\"}]},{\"@type\":\"WebSite\",\"@id\":\"https:\/\/viehealthcare.com.vn\/#website\",\"url\":\"https:\/\/viehealthcare.com.vn\/\",\"name\":\"Vie Healthcare\",\"description\":\"\",\"publisher\":{\"@id\":\"https:\/\/viehealthcare.com.vn\/#organization\"},\"potentialAction\":[{\"@type\":\"SearchAction\",\"target\":{\"@type\":\"EntryPoint\",\"urlTemplate\":\"https:\/\/viehealthcare.com.vn\/?s={search_term_string}\"},\"query-input\":{\"@type\":\"PropertyValueSpecification\",\"valueRequired\":true,\"valueName\":\"search_term_string\"}}],\"inLanguage\":\"en-US\"},{\"@type\":\"Organization\",\"@id\":\"https:\/\/viehealthcare.com.vn\/#organization\",\"name\":\"Vie Healthcare\",\"url\":\"https:\/\/viehealthcare.com.vn\/\",\"logo\":{\"@type\":\"ImageObject\",\"inLanguage\":\"en-US\",\"@id\":\"https:\/\/viehealthcare.com.vn\/#\/schema\/logo\/image\/\",\"url\":\"https:\/\/www.viehealthcare.com.vn\/wp-content\/uploads\/2025\/11\/logo-viehealth.webp\",\"contentUrl\":\"https:\/\/www.viehealthcare.com.vn\/wp-content\/uploads\/2025\/11\/logo-viehealth.webp\",\"width\":500,\"height\":204,\"caption\":\"Vie Healthcare\"},\"image\":{\"@id\":\"https:\/\/viehealthcare.com.vn\/#\/schema\/logo\/image\/\"},\"sameAs\":[\"https:\/\/www.facebook.com\/viehealthcarevn\"]}]}<\/script>\n<!-- \/ Yoast SEO plugin. -->","yoast_head_json":{"title":"T\u00e0i kho\u1ea3n c\u1ee7a t\u00f4i - Vie Healthcare","robots":{"index":"index","follow":"follow","max-snippet":"max-snippet:-1","max-image-preview":"max-image-preview:large","max-video-preview":"max-video-preview:-1"},"canonical":"https:\/\/www.viehealthcare.vn\/my-account\/","og_locale":"en_US","og_type":"article","og_title":"T\u00e0i kho\u1ea3n c\u1ee7a t\u00f4i - Vie Healthcare","og_description":"Dashboard Orders Downloads Addresses Account Details Logout Xin ch\u00e0o theweb.vn (kh\u00f4ng ph\u1ea3i t\u00e0i kho\u1ea3n theweb.vn? H\u00e3y tho\u00e1t ra v\u00e0 \u0111\u0103ng nh\u1eadp v\u00e0o t\u00e0i kho\u1ea3n c\u1ee7a b\u1ea1n) T\u1eeb trang qu\u1ea3n l\u00fd t\u00e0i kho\u1ea3n b\u1ea1n c\u00f3 th\u1ec3 xem \u0111\u01a1n h\u00e0ng m\u1edbi, qu\u1ea3n l\u00fd \u0111\u1ecba ch\u1ec9 giao h\u00e0ng v\u00e0 thanh to\u00e1n, and s\u1eeda m\u1eadt kh\u1ea9u v\u00e0 th\u00f4ng tin [&hellip;]","og_url":"https:\/\/www.viehealthcare.vn\/my-account\/","og_site_name":"Vie Healthcare","article_publisher":"https:\/\/www.facebook.com\/viehealthcarevn","article_modified_time":"2024-07-30T07:11:12+00:00","twitter_card":"summary_large_image","schema":{"@context":"https:\/\/schema.org","@graph":[{"@type":"WebPage","@id":"https:\/\/www.viehealthcare.vn\/my-account\/","url":"https:\/\/www.viehealthcare.vn\/my-account\/","name":"T\u00e0i kho\u1ea3n c\u1ee7a t\u00f4i - Vie Healthcare","isPartOf":{"@id":"https:\/\/viehealthcare.com.vn\/#website"},"datePublished":"2024-07-13T15:21:18+00:00","dateModified":"2024-07-30T07:11:12+00:00","breadcrumb":{"@id":"https:\/\/www.viehealthcare.vn\/my-account\/#breadcrumb"},"inLanguage":"en-US","potentialAction":[{"@type":"ReadAction","target":["https:\/\/www.viehealthcare.vn\/my-account\/"]}]},{"@type":"BreadcrumbList","@id":"https:\/\/www.viehealthcare.vn\/my-account\/#breadcrumb","itemListElement":[{"@type":"ListItem","position":1,"name":"Trang ch\u1ee7","item":"https:\/\/viehealthcare.com.vn\/"},{"@type":"ListItem","position":2,"name":"T\u00e0i kho\u1ea3n c\u1ee7a t\u00f4i"}]},{"@type":"WebSite","@id":"https:\/\/viehealthcare.com.vn\/#website","url":"https:\/\/viehealthcare.com.vn\/","name":"Vie Healthcare","description":"","publisher":{"@id":"https:\/\/viehealthcare.com.vn\/#organization"},"potentialAction":[{"@type":"SearchAction","target":{"@type":"EntryPoint","urlTemplate":"https:\/\/viehealthcare.com.vn\/?s={search_term_string}"},"query-input":{"@type":"PropertyValueSpecification","valueRequired":true,"valueName":"search_term_string"}}],"inLanguage":"en-US"},{"@type":"Organization","@id":"https:\/\/viehealthcare.com.vn\/#organization","name":"Vie Healthcare","url":"https:\/\/viehealthcare.com.vn\/","logo":{"@type":"ImageObject","inLanguage":"en-US","@id":"https:\/\/viehealthcare.com.vn\/#\/schema\/logo\/image\/","url":"https:\/\/www.viehealthcare.com.vn\/wp-content\/uploads\/2025\/11\/logo-viehealth.webp","contentUrl":"https:\/\/www.viehealthcare.com.vn\/wp-content\/uploads\/2025\/11\/logo-viehealth.webp","width":500,"height":204,"caption":"Vie Healthcare"},"image":{"@id":"https:\/\/viehealthcare.com.vn\/#\/schema\/logo\/image\/"},"sameAs":["https:\/\/www.facebook.com\/viehealthcarevn"]}]}},"_links":{"self":[{"href":"https:\/\/viehealthcare.vn\/en\/wp-json\/wp\/v2\/pages\/49","targetHints":{"allow":["GET"]}}],"collection":[{"href":"https:\/\/viehealthcare.vn\/en\/wp-json\/wp\/v2\/pages"}],"about":[{"href":"https:\/\/viehealthcare.vn\/en\/wp-json\/wp\/v2\/types\/page"}],"author":[{"embeddable":true,"href":"https:\/\/viehealthcare.vn\/en\/wp-json\/wp\/v2\/users\/1"}],"replies":[{"embeddable":true,"href":"https:\/\/viehealthcare.vn\/en\/wp-json\/wp\/v2\/comments?post=49"}],"version-history":[{"count":13,"href":"https:\/\/viehealthcare.vn\/en\/wp-json\/wp\/v2\/pages\/49\/revisions"}],"predecessor-version":[{"id":598,"href":"https:\/\/viehealthcare.vn\/en\/wp-json\/wp\/v2\/pages\/49\/revisions\/598"}],"wp:attachment":[{"href":"https:\/\/viehealthcare.vn\/en\/wp-json\/wp\/v2\/media?parent=49"}],"curies":[{"name":"wp","href":"https:\/\/api.w.org\/{rel}","templated":true}]}}