{"id":461,"date":"2024-07-26T22:07:17","date_gmt":"2024-07-26T15:07:17","guid":{"rendered":"https:\/\/viehealthcare.vn\/?page_id=461"},"modified":"2024-08-26T11:35:49","modified_gmt":"2024-08-26T04:35:49","slug":"dieu-khoan-su-dung","status":"publish","type":"page","link":"https:\/\/viehealthcare.vn\/en\/dieu-khoan-su-dung\/","title":{"rendered":"\u0110i\u1ec1u kho\u1ea3n s\u1eed d\u1ee5ng"},"content":{"rendered":"<div data-elementor-type=\"wp-page\" data-elementor-id=\"461\" class=\"elementor elementor-461\" data-elementor-post-type=\"page\">\n\t\t\t\t<div class=\"elementor-element elementor-element-68640d4 e-flex e-con-boxed e-con e-parent\" data-id=\"68640d4\" data-element_type=\"container\" data-e-type=\"container\">\n\t\t\t\t\t<div class=\"e-con-inner\">\n\t\t\t\t<div class=\"elementor-element elementor-element-b37b3b2 elementor-widget elementor-widget-heading\" data-id=\"b37b3b2\" data-element_type=\"widget\" data-e-type=\"widget\" data-widget_type=\"heading.default\">\n\t\t\t\t<div class=\"elementor-widget-container\">\n\t\t\t\t\t<h2 class=\"elementor-heading-title elementor-size-default\">\u0110i\u1ec1u kho\u1ea3n s\u1eed d\u1ee5ng<\/h2>\t\t\t\t<\/div>\n\t\t\t\t<\/div>\n\t\t\t\t\t<\/div>\n\t\t\t\t<\/div>\n\t\t<div class=\"elementor-element elementor-element-16d0113 e-flex e-con-boxed e-con e-parent\" data-id=\"16d0113\" data-element_type=\"container\" data-e-type=\"container\">\n\t\t\t\t\t<div class=\"e-con-inner\">\n\t\t\t\t<div class=\"elementor-element elementor-element-3611520 elementor-widget elementor-widget-text-editor\" data-id=\"3611520\" data-element_type=\"widget\" data-e-type=\"widget\" data-widget_type=\"text-editor.default\">\n\t\t\t\t<div class=\"elementor-widget-container\">\n\t\t\t\t\t\t\t\t\t<div data-page-id=\"AfaqdmdFmoFtcyxOnorli3nbgo5\" data-docx-has-block-data=\"false\"><div class=\"ace-line ace-line old-record-id-Ryb6dmN4Qoku0pxa5Apl4FjzgX9\"><strong>Gi\u1edbi thi\u1ec7u<\/strong><\/div><div class=\"ace-line ace-line old-record-id-PuhXdMUzBoyvb7x7vHQldHDngqg\">Ch\u00e0o m\u1eebng b\u1ea1n \u0111\u1ebfn v\u1edbi Trang (website) th\u01b0\u01a1ng m\u1ea1i \u0111i\u1ec7n t\u1eed VIE HEALTHCARE (sau \u0111\u00e2y g\u1ecdi l\u00e0 &#8220;VIE HEALTHCARE&#8221;).<\/div><div class=\"ace-line ace-line old-record-id-UJ7Bd5txAood9yxJgOJlBEvcgag\">VIE HEALTHCARE l\u00e0 Trang th\u01b0\u01a1ng m\u1ea1i \u0111i\u1ec7n t\u1eed c\u1ee7a C\u00d4NG TY C\u1ed4 PH\u1ea6N VIE HEALTHCARE, m\u1ed9t doanh nghi\u1ec7p \u0111\u01b0\u1ee3c th\u00e0nh l\u1eadp h\u1ee3p ph\u00e1p t\u1ea1i Vi\u1ec7t Nam v\u1edbi Gi\u1ea5y ch\u1ee9ng nh\u1eadn \u0111\u0103ng k\u00fd doanh nghi\u1ec7p s\u1ed1 0318434129 do Ph\u00f2ng \u0111\u0103ng k\u00ed Kinh Doanh &#8211; S\u1edf K\u1ebf ho\u1ea1ch v\u00e0 \u0110\u1ea7u t\u01b0 Th\u00e0nh Ph\u1ed1 H\u1ed3 Ch\u00ed Minh c\u1ea5p ng\u00e0y 02\/05\/2024. Doanh nghi\u1ec7p ch\u00fang t\u00f4i chuy\u00ean ph\u00e2n ph\u1ed1i \u0111\u1ed9c quy\u1ec1n c\u00e1c s\u1ea3n ph\u1ea9m thu\u1ed1c v\u00e0 th\u1ef1c ph\u1ea9m ch\u1ee9c n\u0103ng c\u00f3 xu\u1ea5t x\u1ee9 t\u1eeb M\u1ef9.<\/div><div class=\"ace-line ace-line old-record-id-BeuSd3IfwooHB1xxYLUlsf5Yglf\">Khi b\u1ea1n truy c\u1eadp v\u00e0o VIE HEALTHCARE c\u00f3 ngh\u0129a l\u00e0 b\u1ea1n \u0111\u1ed3ng \u00fd v\u1edbi c\u00e1c \u0111i\u1ec1u kho\u1ea3n s\u1eed d\u1ee5ng n\u00e0y v\u00e0 t\u1ea5t c\u1ea3 c\u00e1c s\u1eeda \u0111\u1ed5i b\u1ed5 sung theo t\u1eebng th\u1eddi \u0111i\u1ec3m m\u00e0 kh\u00f4ng c\u1ea7n th\u00f4ng b\u00e1o tr\u01b0\u1edbc c\u1ee7a ch\u00fang t\u00f4i. B\u1ea1n vui l\u00f2ng ki\u1ec3m tra v\u00e0 c\u1eadp nh\u1eadt th\u01b0\u1eddng xuy\u00ean nh\u1eefng thay \u0111\u1ed5i trong \u0110i\u1ec1u kho\u1ea3n mua b\u00e1n tr\u00ean VIE HEALTHCARE \u0111\u1ec3 bi\u1ebft c\u00e1c quy\u1ec1n v\u00e0 ngh\u0129a v\u1ee5 c\u1ee7a m\u00ecnh.<\/div><div class=\"ace-line ace-line old-record-id-Y0vTdgHO2odLwrxaOTPl9yjTgkL\"><strong>\u0110i\u1ec1u ki\u1ec7n s\u1eed d\u1ee5ng VIE HEALTHCARE<\/strong><\/div><div class=\"ace-line ace-line old-record-id-SM6ud45Qzod7Y8xSEoZlIbUsg6d\">B\u1ea1n ph\u1ea3i \u0111\u1ee7 18 tu\u1ed5i v\u00e0 c\u00f3 n\u0103ng l\u1ef1c h\u00e0nh vi d\u00e2n s\u1ef1 theo quy \u0111\u1ecbnh c\u1ee7a ph\u00e1p lu\u1eadt \u0111\u1ec3 truy c\u1eadp v\u00e0 th\u1ef1c hi\u1ec7n c\u00e1c giao d\u1ecbch mua h\u00e0ng tr\u00ean VIE HEALTHCARE. N\u1ebfu kh\u00f4ng, b\u1ea1n ph\u1ea3i c\u00f3 s\u1ef1 gi\u00e1m s\u00e1t c\u1ee7a cha m\u1eb9 ho\u1eb7c ng\u01b0\u1eddi gi\u00e1m h\u1ed9 h\u1ee3p ph\u00e1p khi \u0111\u0103ng k\u00fd t\u00e0i kho\u1ea3n v\u00e0\/ho\u1eb7c th\u1ef1c hi\u1ec7n giao d\u1ecbch mua h\u00e0ng.<\/div><div class=\"ace-line ace-line old-record-id-IBs9d3mHAogluWxOnQXl17hJgZd\">\u0110\u1ec3 mua h\u00e0ng, b\u1ea1n c\u1ea7n \u0111\u0103ng k\u00fd t\u00e0i kho\u1ea3n v\u1edbi th\u00f4ng tin c\u00e1 nh\u00e2n x\u00e1c th\u1ef1c, sau \u0111\u00f3 ch\u00fang t\u00f4i s\u1ebd c\u1ea5p cho b\u1ea1n m\u1ed9t t\u00e0i kho\u1ea3n \u0111\u1ec3 s\u1eed d\u1ee5ng v\u00e0 mua h\u00e0ng tr\u00ean VIE HEALTHCARE. B\u1ea1n c\u1ea7n c\u1eadp nh\u1eadt th\u00f4ng tin c\u00e1 nh\u00e2n khi c\u00f3 thay \u0111\u1ed5i v\u00e0 t\u1ef1 b\u1ea3o m\u1eadt t\u00e0i kho\u1ea3n v\u00e0 m\u1eadt kh\u1ea9u c\u1ee7a m\u00ecnh.<\/div><div class=\"ace-line ace-line old-record-id-ZnVcdnpY3oieJPxYCX5lsFvIg8c\">B\u1ea1n c\u00f3 th\u1ec3 s\u1ebd nh\u1eadn \u0111\u01b0\u1ee3c email qu\u1ea3ng c\u00e1o, th\u00f4ng tin khuy\u1ebfn m\u1ea1i ho\u1eb7c th\u00f4ng tin v\u1ec1 l\u1ecbch s\u1eed giao d\u1ecbch t\u1eeb VIE HEALTHCARE sau khi \u0111\u0103ng k\u00fd. B\u1ea1n c\u00f3 th\u1ec3 \u0111\u0103ng k\u00fd nh\u1eadn th\u00f4ng tin qua c\u00e1c k\u00eanh kh\u00e1c nhau c\u1ee7a VIE HEALTHCARE nh\u01b0 \u1ee9ng d\u1ee5ng di \u0111\u1ed9ng ePlus, email, SMS ho\u1eb7c Zalo. B\u1ea1n c\u00f3 th\u1ec3 c\u1eadp nh\u1eadt k\u00eanh nh\u1eadn th\u00f4ng tin ho\u1eb7c t\u1eeb ch\u1ed1i nh\u1eadn th\u00f4ng tin c\u1ee7a ch\u00fang t\u00f4i b\u1eb1ng c\u00e1ch \u0111\u0103ng nh\u1eadp v\u00e0 t\u00f9y ch\u1ec9nh trong t\u00e0i kho\u1ea3n c\u1ee7a m\u00ecnh tr\u00ean VIE HEALTHCARE.<\/div><div class=\"ace-line ace-line old-record-id-C2mJdCruooq6eaxpLnplm8DMgte\">B\u1ea1n kh\u00f4ng \u0111\u01b0\u1ee3c \u0111\u0103ng t\u1ea3i c\u00e1c b\u00ecnh lu\u1eadn ti\u00eau c\u1ef1c kh\u00f4ng c\u00f3 c\u01a1 s\u1edf, c\u00e1c b\u00ecnh lu\u1eadn k\u00edch \u0111\u1ed9ng b\u1ea1o l\u1ef1c, ch\u1ed1ng ph\u00e1 nh\u00e0 n\u01b0\u1edbc, c\u00e1c b\u00ecnh lu\u1eadn mi\u1ec7t th\u1ecb, ph\u00e2n bi\u1ec7t gi\u1edbi t\u00ednh, qu\u1ea5y r\u1ed1i t\u00ecnh d\u1ee5c, c\u00e1c b\u00ecnh lu\u1eadn vi ph\u1ea1m ph\u00e1p lu\u1eadt, vi ph\u1ea1m thu\u1ea7n phong m\u1ef9 t\u1ee5c c\u1ee7a x\u00e3 h\u1ed9i&#8230;<\/div><div class=\"ace-line ace-line old-record-id-ETv6dhF3hoj80Jxw49Alpu8kgig\">B\u1ea1n kh\u00f4ng \u0111\u01b0\u1ee3c x\u00e2m nh\u1eadp tr\u00e1i ph\u00e9p c\u01a1 s\u1edf d\u1eef li\u1ec7u c\u1ee7a VIE HEALTHCARE, kh\u00f4ng \u0111\u01b0\u1ee3c x\u00e2m nh\u1eadp v\u00e0o t\u00e0i kho\u1ea3n c\u1ee7a ng\u01b0\u1eddi kh\u00e1c, kh\u00f4ng \u0111\u01b0\u1ee3c s\u1eed d\u1ee5ng c\u00e1c c\u00f4ng c\u1ee5, ph\u1ea7n m\u1ec1m, trojan, m\u00e3 \u0111\u1ed9c, virus \u0111\u1ec3 t\u1ea5n c\u00f4ng, chi\u1ebfm quy\u1ec1n qu\u1ea3n tr\u1ecb ho\u1eb7c \u0111\u00e1nh c\u1eafp d\u1eef li\u1ec7u t\u1eeb VIE HEALTHCARE.<\/div><div class=\"ace-line ace-line old-record-id-E3Y6dFvdHoSyCPxgkpYlpXhkgsb\"><strong>N\u1ed9i dung \u0111\u0103ng t\u1ea3i v\u00e0 b\u00ecnh lu\u1eadn c\u1ee7a kh\u00e1ch h\u00e0ng<\/strong><\/div><div class=\"ace-line ace-line old-record-id-HuzpdCMyPoEU0kxXl2Sl0YDFg6d\">T\u1ea5t c\u1ea3 nh\u1eefng \u00fd ki\u1ebfn, b\u00ecnh lu\u1eadn v\u00e0 n\u1ed9i dung do kh\u00e1ch h\u00e0ng \u0111\u0103ng t\u1ea3i tr\u00ean VIE HEALTHCARE \u0111\u1ec1u l\u00e0 t\u00e0i s\u1ea3n c\u1ee7a VIE HEALTHCARE ch\u00fang t\u00f4i. Khi b\u1ea1n \u0111\u00f3ng g\u00f3p \u00fd ki\u1ebfn, b\u00ecnh lu\u1eadn v\u00e0 \u0111\u0103ng t\u1ea3i n\u1ed9i dung tr\u00ean VIE HEALTHCARE, b\u1ea1n \u0111\u1ed3ng \u00fd c\u1ea5p cho ch\u00fang t\u00f4i quy\u1ec1n s\u1edf h\u1eefu, s\u1eed d\u1ee5ng, s\u1eeda \u0111\u1ed5i, x\u00f3a b\u1ecf, \u1ea9n ho\u1eb7c \u0111\u0103ng t\u1ea3i l\u1ea1i tr\u00ean c\u00e1c ph\u01b0\u01a1ng ti\u1ec7n truy\u1ec1n th\u00f4ng m\u00e0 kh\u00f4ng c\u1ea7n xin ph\u00e9p hay b\u00e1o tr\u01b0\u1edbc.<\/div><div class=\"ace-line ace-line old-record-id-QNL1dmcFpoXqC3xM12plJhA5gec\"><strong>X\u00e1c nh\u1eadn v\u00e0 h\u1ee7y b\u1ecf \u0111\u01a1n h\u00e0ng<\/strong><\/div><div class=\"ace-line ace-line old-record-id-LQVpdFdProvTNsxu42vleIo8gz1\">VIE HEALTHCARE s\u1ebd lu\u00f4n cung c\u1ea5p th\u00f4ng tin v\u1ec1 s\u1ea3n ph\u1ea9m v\u00e0 gi\u00e1 c\u1ea3 m\u1ed9t c\u00e1ch ch\u00ednh x\u00e1c nh\u1ea5t. Tuy nhi\u00ean, \u0111\u00f4i khi th\u00f4ng tin v\u1ec1 s\u1ea3n ph\u1ea9m v\u00e0 gi\u00e1 c\u1ea3 c\u00f3 thay \u0111\u1ed5i nh\u01b0ng ch\u01b0a k\u1ecbp c\u1eadp nh\u1eadt tr\u00ean trang web ho\u1eb7c c\u00f3 l\u1ed7i k\u1ef9 thu\u1eadt n\u00e0o \u0111\u00f3 khi\u1ebfn cho th\u00f4ng tin s\u1ea3n ph\u1ea9m v\u00e0\/ho\u1eb7c gi\u00e1 s\u1ea3n ph\u1ea9m b\u1ecb sai l\u1ec7ch. Khi \u0111\u00f3, ch\u00fang t\u00f4i s\u1ebd li\u00ean l\u1ea1c \u0111\u1ec3 h\u01b0\u1edbng d\u1eabn b\u1ea1n \u0111\u1eb7t h\u00e0ng l\u1ea1i ho\u1eb7c th\u00f4ng b\u00e1o h\u1ee7y \u0111\u01a1n h\u00e0ng.<\/div><div class=\"ace-line ace-line old-record-id-Caa1dWfFNoZdEQx7yURl374qg2b\">V\u1edbi b\u1ea5t k\u1ef3 l\u00fd do g\u00ec li\u00ean quan \u0111\u1ebfn l\u1ed7i k\u1ef9 thu\u1eadt ho\u1eb7c l\u1ed7i h\u1ec7 th\u1ed1ng, VIE HEALTHCARE c\u00f3 quy\u1ec1n t\u1eeb ch\u1ed1i ho\u1eb7c h\u1ee7y \u0111\u01a1n h\u00e0ng c\u1ee7a qu\u00fd kh\u00e1ch sau khi th\u00f4ng b\u00e1o tr\u00ean VIE HEALTHCARE ho\u1eb7c li\u00ean l\u1ea1c tr\u1ef1c ti\u1ebfp kh\u00e1ch h\u00e0ng.<\/div><div class=\"ace-line ace-line old-record-id-U4J5dyjrJok7YcxIdzHlVXf6gsb\">Kh\u00e1ch h\u00e0ng c\u0169ng c\u00f3 th\u1ec3 h\u1ee7y \u0111\u01a1n h\u00e0ng \u0111\u00e3 \u0111\u1eb7t b\u1eb1ng c\u00e1ch g\u1ecdi \u0111\u1ebfn s\u1ed1 \u0111i\u1ec7n tho\u1ea1i ch\u0103m s\u00f3c kh\u00e1ch h\u00e0ng c\u1ee7a VIE HEALTHCARE\u00a0 \u0111\u1ec3 y\u00eau c\u1ea7u h\u1ee7y \u0111\u01a1n h\u00e0ng.<\/div><div class=\"ace-line ace-line old-record-id-HTAYd4mEPodz6KxNGNAlsCqTgWd\"><strong>Quy\u1ec1n s\u1edf h\u1eefu tr\u00ed tu\u1ec7<\/strong><\/div><div class=\"ace-line ace-line old-record-id-ZxTvdWOdnoq6Ifxy8CPlrVpwgTd\">T\u1ea5t c\u1ea3 c\u00e1c quy\u1ec1n s\u1edf h\u1eefu tr\u00ed tu\u1ec7 (\u0111\u00e3 \u0111\u0103ng k\u00fd ho\u1eb7c ch\u01b0a \u0111\u0103ng k\u00fd b\u1ea3o h\u1ed9) bao g\u1ed3m nh\u01b0ng kh\u00f4ng gi\u1edbi h\u1ea1n: \u00fd t\u01b0\u1edfng, s\u00e1ng ki\u1ebfn, b\u00e0i vi\u1ebft, h\u00ecnh \u1ea3nh, \u00e2m thanh, nh\u1ea1c, thi\u1ebft k\u1ebf, \u0111\u1ed3 h\u1ecda, ph\u1ea7n m\u1ec1m, bi\u00ean d\u1ecbch ph\u1ea7n m\u1ec1m, m\u00e3 ngu\u1ed3n&#8230; tr\u00ean VIE HEALTHCARE \u0111\u1ec1u l\u00e0 t\u00e0i s\u1ea3n tr\u00ed tu\u1ec7 c\u1ee7a VIE HEALTHCARE. B\u1ea1n c\u00f3 quy\u1ec1n s\u1eed d\u1ee5ng c\u00e1c t\u00e0i s\u1ea3n tr\u00ed tu\u1ec7 c\u1ee7a VIE HEALTHCARE v\u00e0o m\u1ee5c \u0111\u00edch c\u00e1 nh\u00e2n v\u00e0 mang t\u00ednh t\u00edch c\u1ef1c. B\u1ea1n kh\u00f4ng \u0111\u01b0\u1ee3c sao ch\u00e9p, s\u1eeda \u0111\u1ed5i, t\u00e1i xu\u1ea5t b\u1ea3n m\u1ed9t ph\u1ea7n hay to\u00e0n b\u1ed9, truy\u1ec1n t\u1ea3i, ph\u00e2n ph\u1ed1i, c\u1ea5p ph\u00e9p, t\u00e1i s\u1ea3n xu\u1ea5t, b\u00e1n ho\u1eb7c d\u00f9ng v\u00e0o m\u1ee5c \u0111\u00edch th\u01b0\u01a1ng m\u1ea1i c\u00e1c t\u00e0i s\u1ea3n tr\u00ed tu\u1ec7 n\u00e0y tr\u1eeb khi \u0111\u01b0\u1ee3c s\u1ef1 \u0111\u1ed3ng \u00fd b\u1eb1ng v\u0103n b\u1ea3n c\u1ee7a VIE HEALTHCARE.<\/div><div class=\"ace-line ace-line old-record-id-PXrldW9BzoW0n2xV4EalvFrWghg\"><strong>B\u1ea3o m\u1eadt th\u00f4ng tin<\/strong><\/div><div class=\"ace-line ace-line old-record-id-HbwsdfaFSoArLLxaH2wl2HYFgtc\">B\u1ea1n vui l\u00f2ng tham kh\u1ea3o Ch\u00ednh s\u00e1ch b\u1ea3o m\u1eadt th\u00f4ng tin c\u1ee7a ch\u00fang t\u00f4i t\u1ea1i \u0110\u00c2Y.<\/div><div class=\"ace-line ace-line old-record-id-SsaQdXQ9PoVJv4x4EwPltNhXgvi\"><strong>Gi\u1edbi h\u1ea1n v\u00e0 mi\u1ec5n tr\u1eeb tr\u00e1ch nhi\u1ec7m<\/strong><\/div><div class=\"ace-line ace-line old-record-id-LQC4dbqfHodw1ixw9AMlQuqFgGg\">VIE HEALTHCARE \u0111\u01b0\u1ee3c mi\u1ec5n tr\u1eeb tr\u00e1ch nhi\u1ec7m v\u00e0 mi\u1ec5n tr\u1eeb b\u1ed3i th\u01b0\u1eddng trong t\u1ea5t c\u1ea3 c\u00e1c tr\u01b0\u1eddng h\u1ee3p r\u00f2 r\u1ec9 th\u00f4ng tin c\u00e1 nh\u00e2n, th\u00f4ng tin th\u1ebb t\u00edn d\u1ee5ng&#8230; x\u1ea3y ra s\u1ef1 c\u1ed1 do l\u1ed7i \u0111\u01b0\u1eddng truy\u1ec1n, l\u1ed7i m\u00e1y ch\u1ee7, l\u1ed7i h\u1ec7 th\u1ed1ng t\u00ean mi\u1ec1n, trang web b\u1ecb m\u00e3 \u0111\u1ed9c, virus, trojan, b\u1ecb t\u1ea5n c\u00f4ng m\u1ea1ng, b\u1ecb chi\u1ebfm quy\u1ec1n qu\u1ea3n tr\u1ecb v\u00e0 do c\u00e1c l\u1ed7i k\u1ef9 thu\u1eadt kh\u00e1ch quan kh\u00e1c.<\/div><div class=\"ace-line ace-line old-record-id-IsT9drVIpohJKSxyKv3lPelQglp\">Ch\u00fang t\u00f4i s\u1ebd c\u1ed1 g\u1eafng ho\u00e0n thi\u1ec7n VIE HEALTHCARE v\u00e0 n\u00e2ng cao tr\u1ea3i nghi\u1ec7m ng\u01b0\u1eddi d\u00f9ng \u0111\u1ebfn m\u1ee9c t\u1ed1t nh\u1ea5t c\u00f3 th\u1ec3. Tuy nhi\u00ean, b\u1ea1n hi\u1ec3u v\u00e0 \u0111\u1ed3ng \u00fd r\u1eb1ng c\u00e1c tr\u01b0\u1eddng h\u1ee3p kh\u00f4ng mong mu\u1ed1n nh\u01b0: tr\u1ea3i nghi\u1ec7m ng\u01b0\u1eddi d\u00f9ng ch\u01b0a t\u1ed1t, trang web kh\u00f4ng th\u1ec3 truy c\u1eadp, c\u00e1c th\u00f4ng tin sai l\u1ec7ch ho\u1eb7c ch\u01b0a c\u1eadp nh\u1eadt k\u1ecbp th\u1eddi, c\u00e1c \u0111\u01a1n h\u00e0ng b\u1ecb h\u1ee7y, c\u00e1c \u0111\u01a1n h\u00e0ng b\u1ecb ch\u1eadm tr\u1ec5 giao h\u00e0ng v\u00e0\/ho\u1eb7c c\u00e1c b\u1ea5t ti\u1ec7n kh\u00e1c (n\u1ebfu c\u00f3) trong qu\u00e1 tr\u00ecnh s\u1eed d\u1ee5ng VIE HEALTHCARE c\u1ee7a kh\u00e1ch h\u00e0ng s\u1ebd kh\u00f4ng d\u1eabn \u0111\u1ebfn b\u1ea5t k\u1ef3 ngh\u0129a v\u1ee5 b\u1ed3i th\u01b0\u1eddng thi\u1ec7t h\u1ea1i n\u00e0o t\u1eeb ph\u00eda ch\u00fang t\u00f4i.<\/div><div class=\"ace-line ace-line old-record-id-NOiRd6DnNoQbE1xPQCBlr3psgbb\"><strong>Lu\u1eadt \u00e1p d\u1ee5ng v\u00e0 c\u01a1 quan gi\u1ea3i quy\u1ebft tranh ch\u1ea5p<\/strong><\/div><div class=\"ace-line ace-line old-record-id-WdMIdTIObo1v6gxZoqhlMAvwgjc\">\u0110i\u1ec1u Kho\u1ea3n S\u1eed D\u1ee5ng n\u00e0y x\u00e1c l\u1eadp giao k\u1ebft h\u1ee3p \u0111\u1ed3ng gi\u1eefa VIE HEALTHCARE v\u00e0 kh\u00e1ch h\u00e0ng s\u1eed d\u1ee5ng VIE HEALTHCARE. Giao k\u1ebft h\u1ee3p \u0111\u1ed3ng n\u00e0y s\u1ebd \u0111\u01b0\u1ee3c \u0111i\u1ec1u ch\u1ec9nh b\u1edfi lu\u1eadt ph\u00e1p Vi\u1ec7t Nam v\u1edbi c\u01a1 quan gi\u1ea3i quy\u1ebft tranh ch\u1ea5p l\u00e0 T\u00f2a \u00e1n c\u00f3 th\u1ea9m quy\u1ec1n theo quy \u0111\u1ecbnh c\u1ee7a ph\u00e1p lu\u1eadt.<\/div><\/div>\t\t\t\t\t\t\t\t<\/div>\n\t\t\t\t<\/div>\n\t\t\t\t\t<\/div>\n\t\t\t\t<\/div>\n\t\t\t\t<\/div>","protected":false},"excerpt":{"rendered":"<p>Gi\u1edbi thi\u1ec7uCh\u00e0o m\u1eebng b\u1ea1n \u0111\u1ebfn v\u1edbi Trang (website) th\u01b0\u01a1ng m\u1ea1i \u0111i\u1ec7n t\u1eed VIE HEALTHCARE (sau \u0111\u00e2y g\u1ecdi l\u00e0 &#8220;VIE HEALTHCARE&#8221;).VIE HEALTHCARE l\u00e0 Trang th\u01b0\u01a1ng m\u1ea1i \u0111i\u1ec7n t\u1eed c\u1ee7a C\u00d4NG TY C\u1ed4 PH\u1ea6N VIE HEALTHCARE, m\u1ed9t doanh nghi\u1ec7p \u0111\u01b0\u1ee3c th\u00e0nh l\u1eadp h\u1ee3p ph\u00e1p t\u1ea1i Vi\u1ec7t Nam v\u1edbi Gi\u1ea5y ch\u1ee9ng nh\u1eadn \u0111\u0103ng k\u00fd doanh nghi\u1ec7p s\u1ed1 0318434129 [&hellip;]<\/p>","protected":false},"author":1,"featured_media":0,"parent":0,"menu_order":0,"comment_status":"closed","ping_status":"closed","template":"elementor_header_footer","meta":{"_acf_changed":false,"footnotes":""},"class_list":["post-461","page","type-page","status-publish","hentry"],"acf":[],"yoast_head":"<!-- This site is optimized with the Yoast SEO plugin v26.4 - https:\/\/yoast.com\/wordpress\/plugins\/seo\/ -->\n<title>\u0110i\u1ec1u kho\u1ea3n s\u1eed d\u1ee5ng - Vie Healthcare<\/title>\n<meta name=\"robots\" content=\"index, follow, max-snippet:-1, max-image-preview:large, max-video-preview:-1\" \/>\n<link rel=\"canonical\" href=\"https:\/\/viehealthcare.com.vn\/dieu-khoan-su-dung\/\" \/>\n<meta property=\"og:locale\" content=\"en_US\" \/>\n<meta property=\"og:type\" content=\"article\" \/>\n<meta property=\"og:title\" content=\"\u0110i\u1ec1u kho\u1ea3n s\u1eed d\u1ee5ng - Vie Healthcare\" \/>\n<meta property=\"og:description\" content=\"Gi\u1edbi thi\u1ec7uCh\u00e0o m\u1eebng b\u1ea1n \u0111\u1ebfn v\u1edbi Trang (website) th\u01b0\u01a1ng m\u1ea1i \u0111i\u1ec7n t\u1eed VIE HEALTHCARE (sau \u0111\u00e2y g\u1ecdi l\u00e0 &#8220;VIE HEALTHCARE&#8221;).VIE HEALTHCARE l\u00e0 Trang th\u01b0\u01a1ng m\u1ea1i \u0111i\u1ec7n t\u1eed c\u1ee7a C\u00d4NG TY C\u1ed4 PH\u1ea6N VIE HEALTHCARE, m\u1ed9t doanh nghi\u1ec7p \u0111\u01b0\u1ee3c th\u00e0nh l\u1eadp h\u1ee3p ph\u00e1p t\u1ea1i Vi\u1ec7t Nam v\u1edbi Gi\u1ea5y ch\u1ee9ng nh\u1eadn \u0111\u0103ng k\u00fd doanh nghi\u1ec7p s\u1ed1 0318434129 [&hellip;]\" \/>\n<meta property=\"og:url\" content=\"https:\/\/viehealthcare.com.vn\/dieu-khoan-su-dung\/\" \/>\n<meta property=\"og:site_name\" content=\"Vie Healthcare\" \/>\n<meta property=\"article:publisher\" content=\"https:\/\/www.facebook.com\/viehealthcarevn\" \/>\n<meta property=\"article:modified_time\" content=\"2024-08-26T04:35:49+00:00\" \/>\n<meta name=\"twitter:card\" content=\"summary_large_image\" \/>\n<meta name=\"twitter:label1\" content=\"Est. reading time\" \/>\n\t<meta name=\"twitter:data1\" content=\"9 minutes\" \/>\n<script type=\"application\/ld+json\" class=\"yoast-schema-graph\">{\"@context\":\"https:\/\/schema.org\",\"@graph\":[{\"@type\":\"WebPage\",\"@id\":\"https:\/\/viehealthcare.com.vn\/dieu-khoan-su-dung\/\",\"url\":\"https:\/\/viehealthcare.com.vn\/dieu-khoan-su-dung\/\",\"name\":\"\u0110i\u1ec1u kho\u1ea3n s\u1eed d\u1ee5ng - Vie Healthcare\",\"isPartOf\":{\"@id\":\"https:\/\/viehealthcare.com.vn\/#website\"},\"datePublished\":\"2024-07-26T15:07:17+00:00\",\"dateModified\":\"2024-08-26T04:35:49+00:00\",\"breadcrumb\":{\"@id\":\"https:\/\/viehealthcare.com.vn\/dieu-khoan-su-dung\/#breadcrumb\"},\"inLanguage\":\"en-US\",\"potentialAction\":[{\"@type\":\"ReadAction\",\"target\":[\"https:\/\/viehealthcare.com.vn\/dieu-khoan-su-dung\/\"]}]},{\"@type\":\"BreadcrumbList\",\"@id\":\"https:\/\/viehealthcare.com.vn\/dieu-khoan-su-dung\/#breadcrumb\",\"itemListElement\":[{\"@type\":\"ListItem\",\"position\":1,\"name\":\"Trang ch\u1ee7\",\"item\":\"https:\/\/viehealthcare.com.vn\/\"},{\"@type\":\"ListItem\",\"position\":2,\"name\":\"\u0110i\u1ec1u kho\u1ea3n s\u1eed d\u1ee5ng\"}]},{\"@type\":\"WebSite\",\"@id\":\"https:\/\/viehealthcare.com.vn\/#website\",\"url\":\"https:\/\/viehealthcare.com.vn\/\",\"name\":\"Vie Healthcare\",\"description\":\"\",\"publisher\":{\"@id\":\"https:\/\/viehealthcare.com.vn\/#organization\"},\"potentialAction\":[{\"@type\":\"SearchAction\",\"target\":{\"@type\":\"EntryPoint\",\"urlTemplate\":\"https:\/\/viehealthcare.com.vn\/?s={search_term_string}\"},\"query-input\":{\"@type\":\"PropertyValueSpecification\",\"valueRequired\":true,\"valueName\":\"search_term_string\"}}],\"inLanguage\":\"en-US\"},{\"@type\":\"Organization\",\"@id\":\"https:\/\/viehealthcare.com.vn\/#organization\",\"name\":\"Vie Healthcare\",\"url\":\"https:\/\/viehealthcare.com.vn\/\",\"logo\":{\"@type\":\"ImageObject\",\"inLanguage\":\"en-US\",\"@id\":\"https:\/\/viehealthcare.com.vn\/#\/schema\/logo\/image\/\",\"url\":\"https:\/\/www.viehealthcare.com.vn\/wp-content\/uploads\/2025\/11\/logo-viehealth.webp\",\"contentUrl\":\"https:\/\/www.viehealthcare.com.vn\/wp-content\/uploads\/2025\/11\/logo-viehealth.webp\",\"width\":500,\"height\":204,\"caption\":\"Vie Healthcare\"},\"image\":{\"@id\":\"https:\/\/viehealthcare.com.vn\/#\/schema\/logo\/image\/\"},\"sameAs\":[\"https:\/\/www.facebook.com\/viehealthcarevn\"]}]}<\/script>\n<!-- \/ Yoast SEO plugin. -->","yoast_head_json":{"title":"\u0110i\u1ec1u kho\u1ea3n s\u1eed d\u1ee5ng - Vie Healthcare","robots":{"index":"index","follow":"follow","max-snippet":"max-snippet:-1","max-image-preview":"max-image-preview:large","max-video-preview":"max-video-preview:-1"},"canonical":"https:\/\/viehealthcare.com.vn\/dieu-khoan-su-dung\/","og_locale":"en_US","og_type":"article","og_title":"\u0110i\u1ec1u kho\u1ea3n s\u1eed d\u1ee5ng - Vie Healthcare","og_description":"Gi\u1edbi thi\u1ec7uCh\u00e0o m\u1eebng b\u1ea1n \u0111\u1ebfn v\u1edbi Trang (website) th\u01b0\u01a1ng m\u1ea1i \u0111i\u1ec7n t\u1eed VIE HEALTHCARE (sau \u0111\u00e2y g\u1ecdi l\u00e0 &#8220;VIE HEALTHCARE&#8221;).VIE HEALTHCARE l\u00e0 Trang th\u01b0\u01a1ng m\u1ea1i \u0111i\u1ec7n t\u1eed c\u1ee7a C\u00d4NG TY C\u1ed4 PH\u1ea6N VIE HEALTHCARE, m\u1ed9t doanh nghi\u1ec7p \u0111\u01b0\u1ee3c th\u00e0nh l\u1eadp h\u1ee3p ph\u00e1p t\u1ea1i Vi\u1ec7t Nam v\u1edbi Gi\u1ea5y ch\u1ee9ng nh\u1eadn \u0111\u0103ng k\u00fd doanh nghi\u1ec7p s\u1ed1 0318434129 [&hellip;]","og_url":"https:\/\/viehealthcare.com.vn\/dieu-khoan-su-dung\/","og_site_name":"Vie Healthcare","article_publisher":"https:\/\/www.facebook.com\/viehealthcarevn","article_modified_time":"2024-08-26T04:35:49+00:00","twitter_card":"summary_large_image","twitter_misc":{"Est. reading time":"9 minutes"},"schema":{"@context":"https:\/\/schema.org","@graph":[{"@type":"WebPage","@id":"https:\/\/viehealthcare.com.vn\/dieu-khoan-su-dung\/","url":"https:\/\/viehealthcare.com.vn\/dieu-khoan-su-dung\/","name":"\u0110i\u1ec1u kho\u1ea3n s\u1eed d\u1ee5ng - Vie Healthcare","isPartOf":{"@id":"https:\/\/viehealthcare.com.vn\/#website"},"datePublished":"2024-07-26T15:07:17+00:00","dateModified":"2024-08-26T04:35:49+00:00","breadcrumb":{"@id":"https:\/\/viehealthcare.com.vn\/dieu-khoan-su-dung\/#breadcrumb"},"inLanguage":"en-US","potentialAction":[{"@type":"ReadAction","target":["https:\/\/viehealthcare.com.vn\/dieu-khoan-su-dung\/"]}]},{"@type":"BreadcrumbList","@id":"https:\/\/viehealthcare.com.vn\/dieu-khoan-su-dung\/#breadcrumb","itemListElement":[{"@type":"ListItem","position":1,"name":"Trang ch\u1ee7","item":"https:\/\/viehealthcare.com.vn\/"},{"@type":"ListItem","position":2,"name":"\u0110i\u1ec1u kho\u1ea3n s\u1eed d\u1ee5ng"}]},{"@type":"WebSite","@id":"https:\/\/viehealthcare.com.vn\/#website","url":"https:\/\/viehealthcare.com.vn\/","name":"Vie Healthcare","description":"","publisher":{"@id":"https:\/\/viehealthcare.com.vn\/#organization"},"potentialAction":[{"@type":"SearchAction","target":{"@type":"EntryPoint","urlTemplate":"https:\/\/viehealthcare.com.vn\/?s={search_term_string}"},"query-input":{"@type":"PropertyValueSpecification","valueRequired":true,"valueName":"search_term_string"}}],"inLanguage":"en-US"},{"@type":"Organization","@id":"https:\/\/viehealthcare.com.vn\/#organization","name":"Vie Healthcare","url":"https:\/\/viehealthcare.com.vn\/","logo":{"@type":"ImageObject","inLanguage":"en-US","@id":"https:\/\/viehealthcare.com.vn\/#\/schema\/logo\/image\/","url":"https:\/\/www.viehealthcare.com.vn\/wp-content\/uploads\/2025\/11\/logo-viehealth.webp","contentUrl":"https:\/\/www.viehealthcare.com.vn\/wp-content\/uploads\/2025\/11\/logo-viehealth.webp","width":500,"height":204,"caption":"Vie Healthcare"},"image":{"@id":"https:\/\/viehealthcare.com.vn\/#\/schema\/logo\/image\/"},"sameAs":["https:\/\/www.facebook.com\/viehealthcarevn"]}]}},"_links":{"self":[{"href":"https:\/\/viehealthcare.vn\/en\/wp-json\/wp\/v2\/pages\/461","targetHints":{"allow":["GET"]}}],"collection":[{"href":"https:\/\/viehealthcare.vn\/en\/wp-json\/wp\/v2\/pages"}],"about":[{"href":"https:\/\/viehealthcare.vn\/en\/wp-json\/wp\/v2\/types\/page"}],"author":[{"embeddable":true,"href":"https:\/\/viehealthcare.vn\/en\/wp-json\/wp\/v2\/users\/1"}],"replies":[{"embeddable":true,"href":"https:\/\/viehealthcare.vn\/en\/wp-json\/wp\/v2\/comments?post=461"}],"version-history":[{"count":25,"href":"https:\/\/viehealthcare.vn\/en\/wp-json\/wp\/v2\/pages\/461\/revisions"}],"predecessor-version":[{"id":792,"href":"https:\/\/viehealthcare.vn\/en\/wp-json\/wp\/v2\/pages\/461\/revisions\/792"}],"wp:attachment":[{"href":"https:\/\/viehealthcare.vn\/en\/wp-json\/wp\/v2\/media?parent=461"}],"curies":[{"name":"wp","href":"https:\/\/api.w.org\/{rel}","templated":true}]}}