{"id":133,"date":"2024-07-15T03:25:02","date_gmt":"2024-07-15T03:25:02","guid":{"rendered":"https:\/\/viehealthcare.vn\/?page_id=133"},"modified":"2025-07-03T11:50:31","modified_gmt":"2025-07-03T04:50:31","slug":"nha-thuoc","status":"publish","type":"page","link":"https:\/\/viehealthcare.vn\/en\/nha-thuoc\/","title":{"rendered":"Nh\u00e0 thu\u1ed1c"},"content":{"rendered":"<div data-elementor-type=\"wp-page\" data-elementor-id=\"133\" class=\"elementor elementor-133\" data-elementor-post-type=\"page\">\n\t\t\t\t<div class=\"elementor-element elementor-element-b3d89fd e-flex e-con-boxed e-con e-parent\" data-id=\"b3d89fd\" data-element_type=\"container\" data-e-type=\"container\">\n\t\t\t\t\t<div class=\"e-con-inner\">\n\t\t\t\t<div class=\"elementor-element elementor-element-5eefd2c elementor-widget elementor-widget-heading\" data-id=\"5eefd2c\" data-element_type=\"widget\" data-e-type=\"widget\" data-widget_type=\"heading.default\">\n\t\t\t\t<div class=\"elementor-widget-container\">\n\t\t\t\t\t<h1 class=\"elementor-heading-title elementor-size-default\">H\u1ec7 th\u1ed1ng nh\u00e0 thu\u1ed1c<\/h1>\t\t\t\t<\/div>\n\t\t\t\t<\/div>\n\t\t\t\t<div class=\"elementor-element elementor-element-88f0c50 elementor-widget elementor-widget-text-editor\" data-id=\"88f0c50\" data-element_type=\"widget\" data-e-type=\"widget\" data-widget_type=\"text-editor.default\">\n\t\t\t\t<div class=\"elementor-widget-container\">\n\t\t\t\t\t\t\t\t\t<p>T\u1ea5t c\u1ea3 c\u00e1c s\u1ea3n ph\u1ea9m c\u1ee7a Vie Healthcare \u0111\u00e3 \u0111\u01b0\u1ee3c ph\u00e2n ph\u1ed1i t\u1ea1i h\u01a1n 1000 nh\u00e0 thu\u1ed1c t\u1ea1i 64 t\u1ec9nh th\u00e0nh tr\u00ean kh\u1eafp c\u1ea3 n\u01b0\u1edbc.<\/p><p>\u0110\u1ecba ch\u1ec9 tr\u1ee5 s\u1edf c\u1ee7a C\u00f4ng ty C\u1ed5 ph\u1ea7n Vie Healthcare hi\u1ec7n ch\u1ec9 c\u00f3 t\u1ea1i Th\u00e0nh ph\u1ed1 H\u1ed3 Ch\u00ed Minh, chuy\u00ean ph\u00e2n ph\u1ed1i c\u00e1c lo\u1ea1i thu\u1ed1c v\u00e0 th\u1ef1c ph\u1ea9m ch\u1ee9c n\u0103ng v\u1edbi ch\u1ea5t l\u01b0\u1ee3ng v\u00e0 gi\u00e1 c\u1ea3 t\u1ed1t nh\u1ea5t.<\/p>\t\t\t\t\t\t\t\t<\/div>\n\t\t\t\t<\/div>\n\t\t\t\t\t<\/div>\n\t\t\t\t<\/div>\n\t\t<div class=\"elementor-element elementor-element-343bdef e-flex e-con-boxed e-con e-parent\" data-id=\"343bdef\" data-element_type=\"container\" data-e-type=\"container\">\n\t\t\t\t\t<div class=\"e-con-inner\">\n\t\t\t\t<div class=\"elementor-element elementor-element-e598a4d e-n-tabs-mobile elementor-widget elementor-widget-n-tabs\" data-id=\"e598a4d\" data-element_type=\"widget\" data-e-type=\"widget\" data-widget_type=\"nested-tabs.default\">\n\t\t\t\t<div class=\"elementor-widget-container\">\n\t\t\t\t\t\t\t<div class=\"e-n-tabs\" data-widget-number=\"240749133\" aria-label=\"C\u00e1c tab. M\u1edf m\u1ee5c b\u1eb1ng ph\u00edm Enter ho\u1eb7c Space, \u0111\u00f3ng b\u1eb1ng ph\u00edm Esc v\u00e0 di chuy\u1ec3n b\u1eb1ng c\u00e1c ph\u00edm m\u0169i t\u00ean.\">\n\t\t\t<div class=\"e-n-tabs-heading\" role=\"tablist\">\n\t\t\t\t\t<button id=\"e-n-tab-title-2407491331\" data-tab-title-id=\"e-n-tab-title-2407491331\" class=\"e-n-tab-title\" aria-selected=\"true\" data-tab-index=\"1\" role=\"tab\" tabindex=\"0\" aria-controls=\"e-n-tab-content-2407491331\" style=\"--n-tabs-title-order: 1;\">\n\t\t\t\t\t<span class=\"e-n-tab-icon\">\n\t\t\t<svg aria-hidden=\"true\" class=\"e-font-icon-svg e-fas-map-marker-alt\" viewbox=\"0 0 384 512\" xmlns=\"http:\/\/www.w3.org\/2000\/svg\"><path d=\"M172.268 501.67C26.97 291.031 0 269.413 0 192 0 85.961 85.961 0 192 0s192 85.961 192 192c0 77.413-26.97 99.031-172.268 309.67-9.535 13.774-29.93 13.773-39.464 0zM192 272c44.183 0 80-35.817 80-80s-35.817-80-80-80-80 35.817-80 80 35.817 80 80 80z\"><\/path><\/svg>\t\t\t<svg aria-hidden=\"true\" class=\"e-font-icon-svg e-fas-map-marker-alt\" viewbox=\"0 0 384 512\" xmlns=\"http:\/\/www.w3.org\/2000\/svg\"><path d=\"M172.268 501.67C26.97 291.031 0 269.413 0 192 0 85.961 85.961 0 192 0s192 85.961 192 192c0 77.413-26.97 99.031-172.268 309.67-9.535 13.774-29.93 13.773-39.464 0zM192 272c44.183 0 80-35.817 80-80s-35.817-80-80-80-80 35.817-80 80 35.817 80 80 80z\"><\/path><\/svg>\t\t<\/span>\n\t\t\t\t\t<span class=\"e-n-tab-title-text\">\n\t\t\t\t34E \u0111\u01b0\u1eddng s\u1ed1 1C, Ph\u01b0\u1eddng An L\u1ea1c, Tp. H\u1ed3 Ch\u00ed Minh\t\t\t<\/span>\n\t\t<\/button>\n\t\t\t\t<button id=\"e-n-tab-title-2407491332\" data-tab-title-id=\"e-n-tab-title-2407491332\" class=\"e-n-tab-title\" aria-selected=\"false\" data-tab-index=\"2\" role=\"tab\" tabindex=\"-1\" aria-controls=\"e-n-tab-content-2407491332\" style=\"--n-tabs-title-order: 2;\">\n\t\t\t\t\t<span class=\"e-n-tab-icon\">\n\t\t\t<svg aria-hidden=\"true\" class=\"e-font-icon-svg e-fas-map-marker-alt\" viewbox=\"0 0 384 512\" xmlns=\"http:\/\/www.w3.org\/2000\/svg\"><path d=\"M172.268 501.67C26.97 291.031 0 269.413 0 192 0 85.961 85.961 0 192 0s192 85.961 192 192c0 77.413-26.97 99.031-172.268 309.67-9.535 13.774-29.93 13.773-39.464 0zM192 272c44.183 0 80-35.817 80-80s-35.817-80-80-80-80 35.817-80 80 35.817 80 80 80z\"><\/path><\/svg>\t\t\t<svg aria-hidden=\"true\" class=\"e-font-icon-svg e-fas-map-marker-alt\" viewbox=\"0 0 384 512\" xmlns=\"http:\/\/www.w3.org\/2000\/svg\"><path d=\"M172.268 501.67C26.97 291.031 0 269.413 0 192 0 85.961 85.961 0 192 0s192 85.961 192 192c0 77.413-26.97 99.031-172.268 309.67-9.535 13.774-29.93 13.773-39.464 0zM192 272c44.183 0 80-35.817 80-80s-35.817-80-80-80-80 35.817-80 80 35.817 80 80 80z\"><\/path><\/svg>\t\t<\/span>\n\t\t\t\t\t<span class=\"e-n-tab-title-text\">\n\t\t\t\tT\u1ea7ng 2, t\u00f2a nh\u00e0 Kicotrans, s\u1ed1 05 \u0110\u1ed1ng \u0110a, Ph\u01b0\u1eddng T\u00e2n S\u01a1n Ho\u00e0, Tp. H\u1ed3 Ch\u00ed Minh\t\t\t<\/span>\n\t\t<\/button>\n\t\t\t\t\t<\/div>\n\t\t\t<div class=\"e-n-tabs-content\">\n\t\t\t\t<div id=\"e-n-tab-content-2407491331\" role=\"tabpanel\" aria-labelledby=\"e-n-tab-title-2407491331\" data-tab-index=\"1\" style=\"--n-tabs-title-order: 1;\" class=\"e-active elementor-element elementor-element-9b48bea e-con-full e-flex e-con e-child\" data-id=\"9b48bea\" data-element_type=\"container\" data-e-type=\"container\">\n\t\t\t\t<div class=\"elementor-element elementor-element-5ca231a elementor-widget elementor-widget-google_maps\" data-id=\"5ca231a\" data-element_type=\"widget\" data-e-type=\"widget\" data-widget_type=\"google_maps.default\">\n\t\t\t\t<div class=\"elementor-widget-container\">\n\t\t\t\t\t\t\t<div class=\"elementor-custom-embed\">\n\t\t\t<iframe loading=\"lazy\"\n\t\t\t\t\tsrc=\"https:\/\/maps.google.com\/maps?q=34E%20%C4%91%C6%B0%E1%BB%9Dng%20s%E1%BB%91%201C%2C%20Ph%C6%B0%E1%BB%9Dng%20B%C3%ACnh%20Tr%E1%BB%8B%20%C4%90%C3%B4ng%20B%2C%20Qu%E1%BA%ADn%20B%C3%ACnh%20T%C3%A2n%2C%20Tp.%20H%E1%BB%93%20Ch%C3%AD%20Minh&#038;t=m&#038;z=18&#038;output=embed&#038;iwloc=near\"\n\t\t\t\t\ttitle=\"34E \u0111\u01b0\u1eddng s\u1ed1 1C, Ph\u01b0\u1eddng B\u00ecnh Tr\u1ecb \u0110\u00f4ng B, Qu\u1eadn B\u00ecnh T\u00e2n, Tp. H\u1ed3 Ch\u00ed Minh\"\n\t\t\t\t\taria-label=\"34E \u0111\u01b0\u1eddng s\u1ed1 1C, Ph\u01b0\u1eddng B\u00ecnh Tr\u1ecb \u0110\u00f4ng B, Qu\u1eadn B\u00ecnh T\u00e2n, Tp. H\u1ed3 Ch\u00ed Minh\"\n\t\t\t><\/iframe>\n\t\t<\/div>\n\t\t\t\t\t\t<\/div>\n\t\t\t\t<\/div>\n\t\t\t\t<\/div>\n\t\t<div id=\"e-n-tab-content-2407491332\" role=\"tabpanel\" aria-labelledby=\"e-n-tab-title-2407491332\" data-tab-index=\"2\" style=\"--n-tabs-title-order: 2;\" class=\"elementor-element elementor-element-4842926 e-con-full e-flex e-con e-child\" data-id=\"4842926\" data-element_type=\"container\" data-e-type=\"container\">\n\t\t\t\t<div class=\"elementor-element elementor-element-9b014c9 elementor-widget elementor-widget-google_maps\" data-id=\"9b014c9\" data-element_type=\"widget\" data-e-type=\"widget\" data-widget_type=\"google_maps.default\">\n\t\t\t\t<div class=\"elementor-widget-container\">\n\t\t\t\t\t\t\t<div class=\"elementor-custom-embed\">\n\t\t\t<iframe loading=\"lazy\"\n\t\t\t\t\tsrc=\"https:\/\/maps.google.com\/maps?q=T%E1%BA%A7ng%202%2C%20t%C3%B2a%20nh%C3%A0%20Kicotrans%2C%20s%E1%BB%91%2005%20%C4%90%E1%BB%91ng%20%C4%90a%2C%20Ph%C6%B0%E1%BB%9Dng%202%2C%20Qu%E1%BA%ADn%20T%C3%A2n%20B%C3%ACnh%2C%20Tp.%20H%E1%BB%93%20Ch%C3%AD%20Minh&#038;t=m&#038;z=18&#038;output=embed&#038;iwloc=near\"\n\t\t\t\t\ttitle=\"T\u1ea7ng 2, t\u00f2a nh\u00e0 Kicotrans, s\u1ed1 05 \u0110\u1ed1ng \u0110a, Ph\u01b0\u1eddng 2, Qu\u1eadn T\u00e2n B\u00ecnh, Tp. H\u1ed3 Ch\u00ed Minh\"\n\t\t\t\t\taria-label=\"T\u1ea7ng 2, t\u00f2a nh\u00e0 Kicotrans, s\u1ed1 05 \u0110\u1ed1ng \u0110a, Ph\u01b0\u1eddng 2, Qu\u1eadn T\u00e2n B\u00ecnh, Tp. H\u1ed3 Ch\u00ed Minh\"\n\t\t\t><\/iframe>\n\t\t<\/div>\n\t\t\t\t\t\t<\/div>\n\t\t\t\t<\/div>\n\t\t\t\t<\/div>\n\t\t\t\t\t<\/div>\n\t\t<\/div>\n\t\t\t\t\t\t<\/div>\n\t\t\t\t<\/div>\n\t\t\t\t\t<\/div>\n\t\t\t\t<\/div>\n\t\t\t\t<\/div>","protected":false},"excerpt":{"rendered":"<p>H\u1ec7 th\u1ed1ng nh\u00e0 thu\u1ed1c T\u1ea5t c\u1ea3 c\u00e1c s\u1ea3n ph\u1ea9m c\u1ee7a Vie Healthcare \u0111\u00e3 \u0111\u01b0\u1ee3c ph\u00e2n ph\u1ed1i t\u1ea1i h\u01a1n 1000 nh\u00e0 thu\u1ed1c t\u1ea1i 64 t\u1ec9nh th\u00e0nh tr\u00ean kh\u1eafp c\u1ea3 n\u01b0\u1edbc. \u0110\u1ecba ch\u1ec9 tr\u1ee5 s\u1edf c\u1ee7a C\u00f4ng ty C\u1ed5 ph\u1ea7n Vie Healthcare hi\u1ec7n ch\u1ec9 c\u00f3 t\u1ea1i Th\u00e0nh ph\u1ed1 H\u1ed3 Ch\u00ed Minh, chuy\u00ean ph\u00e2n ph\u1ed1i c\u00e1c lo\u1ea1i thu\u1ed1c [&hellip;]<\/p>","protected":false},"author":1,"featured_media":0,"parent":0,"menu_order":0,"comment_status":"closed","ping_status":"closed","template":"elementor_header_footer","meta":{"_acf_changed":false,"footnotes":""},"class_list":["post-133","page","type-page","status-publish","hentry"],"acf":[],"yoast_head":"<!-- This site is optimized with the Yoast SEO plugin v26.4 - https:\/\/yoast.com\/wordpress\/plugins\/seo\/ -->\n<title>Nh\u00e0 thu\u1ed1c - Vie Healthcare<\/title>\n<meta name=\"robots\" content=\"index, follow, max-snippet:-1, max-image-preview:large, max-video-preview:-1\" \/>\n<link rel=\"canonical\" href=\"https:\/\/viehealthcare.vn\/en\/nha-thuoc\/\" \/>\n<meta property=\"og:locale\" content=\"en_US\" \/>\n<meta property=\"og:type\" content=\"article\" \/>\n<meta property=\"og:title\" content=\"Nh\u00e0 thu\u1ed1c - Vie Healthcare\" \/>\n<meta property=\"og:description\" content=\"H\u1ec7 th\u1ed1ng nh\u00e0 thu\u1ed1c T\u1ea5t c\u1ea3 c\u00e1c s\u1ea3n ph\u1ea9m c\u1ee7a Vie Healthcare \u0111\u00e3 \u0111\u01b0\u1ee3c ph\u00e2n ph\u1ed1i t\u1ea1i h\u01a1n 1000 nh\u00e0 thu\u1ed1c t\u1ea1i 64 t\u1ec9nh th\u00e0nh tr\u00ean kh\u1eafp c\u1ea3 n\u01b0\u1edbc. \u0110\u1ecba ch\u1ec9 tr\u1ee5 s\u1edf c\u1ee7a C\u00f4ng ty C\u1ed5 ph\u1ea7n Vie Healthcare hi\u1ec7n ch\u1ec9 c\u00f3 t\u1ea1i Th\u00e0nh ph\u1ed1 H\u1ed3 Ch\u00ed Minh, chuy\u00ean ph\u00e2n ph\u1ed1i c\u00e1c lo\u1ea1i thu\u1ed1c [&hellip;]\" \/>\n<meta property=\"og:url\" content=\"https:\/\/viehealthcare.vn\/en\/nha-thuoc\/\" \/>\n<meta property=\"og:site_name\" content=\"Vie Healthcare\" \/>\n<meta property=\"article:publisher\" content=\"https:\/\/www.facebook.com\/viehealthcarevn\" \/>\n<meta property=\"article:modified_time\" content=\"2025-07-03T04:50:31+00:00\" \/>\n<meta name=\"twitter:card\" content=\"summary_large_image\" \/>\n<meta name=\"twitter:label1\" content=\"Est. reading time\" \/>\n\t<meta name=\"twitter:data1\" content=\"1 minute\" \/>\n<script type=\"application\/ld+json\" class=\"yoast-schema-graph\">{\"@context\":\"https:\/\/schema.org\",\"@graph\":[{\"@type\":\"WebPage\",\"@id\":\"https:\/\/viehealthcare.vn\/nha-thuoc\/\",\"url\":\"https:\/\/viehealthcare.vn\/nha-thuoc\/\",\"name\":\"Nh\u00e0 thu\u1ed1c - Vie Healthcare\",\"isPartOf\":{\"@id\":\"https:\/\/viehealthcare.com.vn\/#website\"},\"datePublished\":\"2024-07-15T03:25:02+00:00\",\"dateModified\":\"2025-07-03T04:50:31+00:00\",\"breadcrumb\":{\"@id\":\"https:\/\/viehealthcare.vn\/nha-thuoc\/#breadcrumb\"},\"inLanguage\":\"en-US\",\"potentialAction\":[{\"@type\":\"ReadAction\",\"target\":[\"https:\/\/viehealthcare.vn\/nha-thuoc\/\"]}]},{\"@type\":\"BreadcrumbList\",\"@id\":\"https:\/\/viehealthcare.vn\/nha-thuoc\/#breadcrumb\",\"itemListElement\":[{\"@type\":\"ListItem\",\"position\":1,\"name\":\"Trang ch\u1ee7\",\"item\":\"https:\/\/viehealthcare.com.vn\/\"},{\"@type\":\"ListItem\",\"position\":2,\"name\":\"Nh\u00e0 thu\u1ed1c\"}]},{\"@type\":\"WebSite\",\"@id\":\"https:\/\/viehealthcare.com.vn\/#website\",\"url\":\"https:\/\/viehealthcare.com.vn\/\",\"name\":\"Vie Healthcare\",\"description\":\"\",\"publisher\":{\"@id\":\"https:\/\/viehealthcare.com.vn\/#organization\"},\"potentialAction\":[{\"@type\":\"SearchAction\",\"target\":{\"@type\":\"EntryPoint\",\"urlTemplate\":\"https:\/\/viehealthcare.com.vn\/?s={search_term_string}\"},\"query-input\":{\"@type\":\"PropertyValueSpecification\",\"valueRequired\":true,\"valueName\":\"search_term_string\"}}],\"inLanguage\":\"en-US\"},{\"@type\":\"Organization\",\"@id\":\"https:\/\/viehealthcare.com.vn\/#organization\",\"name\":\"Vie Healthcare\",\"url\":\"https:\/\/viehealthcare.com.vn\/\",\"logo\":{\"@type\":\"ImageObject\",\"inLanguage\":\"en-US\",\"@id\":\"https:\/\/viehealthcare.com.vn\/#\/schema\/logo\/image\/\",\"url\":\"https:\/\/www.viehealthcare.com.vn\/wp-content\/uploads\/2025\/11\/logo-viehealth.webp\",\"contentUrl\":\"https:\/\/www.viehealthcare.com.vn\/wp-content\/uploads\/2025\/11\/logo-viehealth.webp\",\"width\":500,\"height\":204,\"caption\":\"Vie Healthcare\"},\"image\":{\"@id\":\"https:\/\/viehealthcare.com.vn\/#\/schema\/logo\/image\/\"},\"sameAs\":[\"https:\/\/www.facebook.com\/viehealthcarevn\"]}]}<\/script>\n<!-- \/ Yoast SEO plugin. -->","yoast_head_json":{"title":"Nh\u00e0 thu\u1ed1c - Vie Healthcare","robots":{"index":"index","follow":"follow","max-snippet":"max-snippet:-1","max-image-preview":"max-image-preview:large","max-video-preview":"max-video-preview:-1"},"canonical":"https:\/\/viehealthcare.vn\/en\/nha-thuoc\/","og_locale":"en_US","og_type":"article","og_title":"Nh\u00e0 thu\u1ed1c - Vie Healthcare","og_description":"H\u1ec7 th\u1ed1ng nh\u00e0 thu\u1ed1c T\u1ea5t c\u1ea3 c\u00e1c s\u1ea3n ph\u1ea9m c\u1ee7a Vie Healthcare \u0111\u00e3 \u0111\u01b0\u1ee3c ph\u00e2n ph\u1ed1i t\u1ea1i h\u01a1n 1000 nh\u00e0 thu\u1ed1c t\u1ea1i 64 t\u1ec9nh th\u00e0nh tr\u00ean kh\u1eafp c\u1ea3 n\u01b0\u1edbc. \u0110\u1ecba ch\u1ec9 tr\u1ee5 s\u1edf c\u1ee7a C\u00f4ng ty C\u1ed5 ph\u1ea7n Vie Healthcare hi\u1ec7n ch\u1ec9 c\u00f3 t\u1ea1i Th\u00e0nh ph\u1ed1 H\u1ed3 Ch\u00ed Minh, chuy\u00ean ph\u00e2n ph\u1ed1i c\u00e1c lo\u1ea1i thu\u1ed1c [&hellip;]","og_url":"https:\/\/viehealthcare.vn\/en\/nha-thuoc\/","og_site_name":"Vie Healthcare","article_publisher":"https:\/\/www.facebook.com\/viehealthcarevn","article_modified_time":"2025-07-03T04:50:31+00:00","twitter_card":"summary_large_image","twitter_misc":{"Est. reading time":"1 minute"},"schema":{"@context":"https:\/\/schema.org","@graph":[{"@type":"WebPage","@id":"https:\/\/viehealthcare.vn\/nha-thuoc\/","url":"https:\/\/viehealthcare.vn\/nha-thuoc\/","name":"Nh\u00e0 thu\u1ed1c - Vie Healthcare","isPartOf":{"@id":"https:\/\/viehealthcare.com.vn\/#website"},"datePublished":"2024-07-15T03:25:02+00:00","dateModified":"2025-07-03T04:50:31+00:00","breadcrumb":{"@id":"https:\/\/viehealthcare.vn\/nha-thuoc\/#breadcrumb"},"inLanguage":"en-US","potentialAction":[{"@type":"ReadAction","target":["https:\/\/viehealthcare.vn\/nha-thuoc\/"]}]},{"@type":"BreadcrumbList","@id":"https:\/\/viehealthcare.vn\/nha-thuoc\/#breadcrumb","itemListElement":[{"@type":"ListItem","position":1,"name":"Trang ch\u1ee7","item":"https:\/\/viehealthcare.com.vn\/"},{"@type":"ListItem","position":2,"name":"Nh\u00e0 thu\u1ed1c"}]},{"@type":"WebSite","@id":"https:\/\/viehealthcare.com.vn\/#website","url":"https:\/\/viehealthcare.com.vn\/","name":"Vie Healthcare","description":"","publisher":{"@id":"https:\/\/viehealthcare.com.vn\/#organization"},"potentialAction":[{"@type":"SearchAction","target":{"@type":"EntryPoint","urlTemplate":"https:\/\/viehealthcare.com.vn\/?s={search_term_string}"},"query-input":{"@type":"PropertyValueSpecification","valueRequired":true,"valueName":"search_term_string"}}],"inLanguage":"en-US"},{"@type":"Organization","@id":"https:\/\/viehealthcare.com.vn\/#organization","name":"Vie Healthcare","url":"https:\/\/viehealthcare.com.vn\/","logo":{"@type":"ImageObject","inLanguage":"en-US","@id":"https:\/\/viehealthcare.com.vn\/#\/schema\/logo\/image\/","url":"https:\/\/www.viehealthcare.com.vn\/wp-content\/uploads\/2025\/11\/logo-viehealth.webp","contentUrl":"https:\/\/www.viehealthcare.com.vn\/wp-content\/uploads\/2025\/11\/logo-viehealth.webp","width":500,"height":204,"caption":"Vie Healthcare"},"image":{"@id":"https:\/\/viehealthcare.com.vn\/#\/schema\/logo\/image\/"},"sameAs":["https:\/\/www.facebook.com\/viehealthcarevn"]}]}},"_links":{"self":[{"href":"https:\/\/viehealthcare.vn\/en\/wp-json\/wp\/v2\/pages\/133","targetHints":{"allow":["GET"]}}],"collection":[{"href":"https:\/\/viehealthcare.vn\/en\/wp-json\/wp\/v2\/pages"}],"about":[{"href":"https:\/\/viehealthcare.vn\/en\/wp-json\/wp\/v2\/types\/page"}],"author":[{"embeddable":true,"href":"https:\/\/viehealthcare.vn\/en\/wp-json\/wp\/v2\/users\/1"}],"replies":[{"embeddable":true,"href":"https:\/\/viehealthcare.vn\/en\/wp-json\/wp\/v2\/comments?post=133"}],"version-history":[{"count":37,"href":"https:\/\/viehealthcare.vn\/en\/wp-json\/wp\/v2\/pages\/133\/revisions"}],"predecessor-version":[{"id":3634,"href":"https:\/\/viehealthcare.vn\/en\/wp-json\/wp\/v2\/pages\/133\/revisions\/3634"}],"wp:attachment":[{"href":"https:\/\/viehealthcare.vn\/en\/wp-json\/wp\/v2\/media?parent=133"}],"curies":[{"name":"wp","href":"https:\/\/api.w.org\/{rel}","templated":true}]}}